{"id":464,"date":"2023-04-17T12:35:01","date_gmt":"2023-04-17T09:35:01","guid":{"rendered":"http:\/\/investments.olger\/politica-de-privacitat\/"},"modified":"2023-06-22T16:26:45","modified_gmt":"2023-06-22T13:26:45","slug":"politica-de-privacitat","status":"publish","type":"page","link":"https:\/\/snite.es\/ca\/politica-de-privacitat\/","title":{"rendered":"Pol\u00edtica de privacitat"},"content":{"rendered":"<p>Aquesta \u00e9s la pol\u00edtica de cookies, pol\u00edtica de privacitat i acord de tractament de dades personals de SNITE INVESTMENT S.L. i el lloc web snite.es<\/p>\n\n\n\n<p>Drets de les parts<\/p>\n\n\n\n<p>Si us plau, llegiu atentament l&#8217;Acord abans d&#8217;utilitzar el lloc web. En utilitzar el lloc web, accepteu autom\u00e0ticament els termes seg\u00fcents i est\u00e0 subjecte als termes d&#8217;aquest Acord. Si no esteu d&#8217;acord amb les condicions d&#8217;\u00fas, si us plau, no utilitzeu el lloc web i no visiteu les p\u00e0gines allotjades a la zona de domini del lloc web.<\/p>\n\n\n\n<p>L&#8217;acord i les normes d&#8217;\u00fas del lloc web estan desenvolupats i adoptats per SNITE INVESTMENT S.L. amb la finalitat de protegir els drets i interessos legalment protegits tant de SNITE INVESTMENT S.L. com de tercers en la prestaci\u00f3 de serveis de publicitat en l\u00ednia.<\/p>\n\n\n\n<p>En adherir-se a aquest Acord i deixar les seves dades en els formularis a omplir al lloc web snite.es, vost\u00e8:<\/p>\n\n\n\n<p>confirmar que totes les dades especificades et pertanyen personalment;<\/p>\n\n\n\n<p>confirmar i recon\u00e8ixer que ha estudiat detingudament l&#8217;Acord i les condicions per al tractament de les dades personals que deixi als camps del formulari;<\/p>\n\n\n\n<p>consentiment per al tractament de les dades personals al lloc web snite.es;<\/p>\n\n\n\n<p>accepteu les condicions del tractament de dades personals.<\/p>\n\n\n\n<p>La finalitat del tractament de les dades personals \u00e9s proporcionar-li els serveis descrits al lloc web.<\/p>\n\n\n\n<p>Quina informaci\u00f3 recollim<\/p>\n\n\n\n<p>Recopilem informaci\u00f3 sobre vost\u00e8 quan visiteu el lloc web, inclosa informaci\u00f3 sobre la vostra navegaci\u00f3 i interacci\u00f3 al lloc web. Tamb\u00e9 recopilem informaci\u00f3 que ens permet identificar els navegadors i dispositius amb els quals heu interactuat anteriorment.<\/p>\n\n\n\n<p>Informaci\u00f3 que recopilem sobre vost\u00e8: tipus de navegador d&#8217;Internet, idioma del navegador i sistema operatiu que utilitzeu; adre\u00e7a IP del vostre dispositiu; data i hora d&#8217;acc\u00e9s; tipus de connexi\u00f3 (per cable o Wi-Fi); la regi\u00f3 on es troba el vostre dispositiu; resoluci\u00f3 de pantalla del vostre dispositiu; el lloc web que vau visitar abans.<\/p>\n\n\n\n<p>Tamb\u00e9 recopilem informaci\u00f3 personal com ara: el vostre nom, adre\u00e7a, n\u00famero de tel\u00e8fon, adre\u00e7a de correu electr\u00f2nic, nom\u00e9s si decidiu proporcionar-nos-la omplint un formulari de contacte o registrant-vos al lloc.<\/p>\n\n\n\n<p>En deixar aquesta informaci\u00f3, acceptes que els empleats de SNITE INVESTMENT S.L. es posar\u00e0 en contacte amb tu per respondre a les teves preguntes (per obtenir assessorament sobre serveis) i segons ho permeti aquest Acord. Tamb\u00e9 podeu proporcionar informaci\u00f3 personal, com ara el vostre nom i adre\u00e7a de correu electr\u00f2nic per subscriure-us al nostre butllet\u00ed de correu electr\u00f2nic.<\/p>\n\n\n\n<p>Qu\u00e8 fem amb la informaci\u00f3 que recollim<\/p>\n\n\n\n<p>La recollida, sistematitzaci\u00f3, acumulaci\u00f3, emmagatzematge, aclariment (actualitzaci\u00f3, canvi), utilitzaci\u00f3, despersonalitzaci\u00f3, cessi\u00f3 a tercers per a les finalitats que s&#8217;indiquen a continuaci\u00f3, aix\u00ed com la realitzaci\u00f3 de qualsevol altra actuaci\u00f3, tant manual com automatitzada, \u00e9s el que realitza l&#8217;empresa amb la informaci\u00f3 rebuda. Mantenim la confidencialitat de la informaci\u00f3 de l&#8217;usuari, excepte en els casos en qu\u00e8 l&#8217;usuari facilita volunt\u00e0riament informaci\u00f3 sobre ell mateix per a l&#8217;acc\u00e9s de tercers. La vostra informaci\u00f3 tamb\u00e9 s&#8217;emmagatzema al sistema CRM per als registres interns si sol\u00b7liciteu convertir-vos en soci comercial o client.<\/p>\n\n\n\n<p>Necessitem la informaci\u00f3 per entendre les vostres necessitats i per proporcionar-vos informaci\u00f3 addicional sobre els productes i serveis que heu sol\u00b7licitat.<\/p>\n\n\n\n<p>Podem utilitzar aquesta informaci\u00f3 per millorar els nostres productes i serveis. Tamb\u00e9 fem servir la vostra informaci\u00f3 per analitzar la vostra interacci\u00f3 amb el nostre lloc i el seu rendiment, com ara quant de temps passen els visitants al lloc web, per a les nostres activitats de recerca i per recopilar informaci\u00f3 demogr\u00e0fica sobre la nostra base d&#8217;usuaris.<\/p>\n\n\n\n<p>Peri\u00f2dicament podem enviar correus electr\u00f2nics promocionals sobre nous productes, ofertes especials o altra informaci\u00f3 que creiem que us pot interessar a l&#8217;adre\u00e7a electr\u00f2nica que ens vau proporcionar. De tant en tant, tamb\u00e9 podem utilitzar la vostra informaci\u00f3 per contactar-vos amb finalitats d&#8217;investigaci\u00f3 de mercat.<\/p>\n\n\n\n<p>L&#8217;empresa t\u00e9 dret a transferir la seva informaci\u00f3 a tercers en els casos seg\u00fcents:<\/p>\n\n\n\n<p>Vost\u00e8 expressa el seu consentiment a aquestes accions.<\/p>\n\n\n\n<p>La cessi\u00f3 \u00e9s necess\u00e0ria com a part de la prestaci\u00f3 de serveis per part de l&#8217;empresa a l&#8217;usuari. Revelem la vostra informaci\u00f3 a tercers que proporcionen serveis en nom nostre. Per exemple, els contractistes que publiquen el contingut dels nostres clients a les plataformes de m\u00e0rqueting.<\/p>\n\n\n\n<p>Tamb\u00e9 estem obligats a revelar la vostra informaci\u00f3 en relaci\u00f3 amb les sol\u00b7licituds de les autoritats locals, estatals o policials; en relaci\u00f3 amb procediments o ordres judicials, administratius o similars, citacions; per investigar sospites de frau, assetjament, amenaces f\u00edsiques o altres infraccions de la llei, normes o altres regulacions.<\/p>\n\n\n\n<p>En la mesura que ho permeti la llei, podem recopilar informaci\u00f3 que no sigui informaci\u00f3 d&#8217;identificaci\u00f3 personal, com ara dades agregades i altra informaci\u00f3 agregada, inclosa informaci\u00f3 sobre visualitzacions de p\u00e0gines web, \u00fas i interaccions del lloc web i informaci\u00f3 no identificada. Ens reservem el dret d&#8217;utilitzar i revelar informaci\u00f3 no personal de qualsevol manera permesa per la llei. Podem utilitzar aquesta informaci\u00f3 per personalitzar el lloc web segons els vostres interessos.<\/p>\n\n\n\n<p>Protecci\u00f3 de la informaci\u00f3 personal<\/p>\n\n\n\n<p>Prenem les mesures organitzatives i t\u00e8cniques necess\u00e0ries i suficients per protegir la informaci\u00f3 dels usuaris de l&#8217;acc\u00e9s no autoritzat o accidental, la destrucci\u00f3, la modificaci\u00f3, el bloqueig, la c\u00f2pia, la distribuci\u00f3, aix\u00ed com d&#8217;altres accions il\u00b7legals de tercers.<\/p>\n\n\n\n<p>No compartim la vostra informaci\u00f3 personal amb tercers o venedors sense el vostre consentiment.<\/p>\n\n\n\n<p>Si creieu que qualsevol de la informaci\u00f3 que tenim sobre vost\u00e8 \u00e9s incorrecta o incompleta, si us plau, envieu-nos un correu electr\u00f2nic o un correu electr\u00f2nic tan aviat com sigui possible. Corregirem r\u00e0pidament qualsevol informaci\u00f3 que es consideri incorrecta. Acceptem notificacions a l&#8217;adre\u00e7a de correu electr\u00f2nic info@snite.es, o a l&#8217;adre\u00e7a: Espanya, 08021, Barcelona, \u200b\u200b\u200b\u200bC\/d&#8217;Aribau, 225\/2. Si voleu una c\u00f2pia de la informaci\u00f3 que tenim, envieu-nos una carta o correu electr\u00f2nic.<\/p>","protected":false},"excerpt":{"rendered":"<p>Aquesta \u00e9s la pol\u00edtica de cookies, pol\u00edtica de privacitat i acord de tractament de dades personals de SNITE INVESTMENT S.L. i el lloc web snite.es Drets de les parts Si us plau, llegiu atentament l&#8217;Acord abans d&#8217;utilitzar el lloc web. En utilitzar el lloc web, accepteu autom\u00e0ticament els termes seg\u00fcents i est\u00e0 subjecte als termes [&hellip;]<\/p>","protected":false},"author":1,"featured_media":0,"parent":0,"menu_order":0,"comment_status":"closed","ping_status":"closed","template":"info_page.php","meta":{"inline_featured_image":false,"footnotes":""},"class_list":["post-464","page","type-page","status-publish","hentry"],"acf":[],"yoast_head":"<!-- This site is optimized with the Yoast SEO plugin v20.5 - https:\/\/yoast.com\/wordpress\/plugins\/seo\/ -->\n<title>Pol\u00edtica de privacitat - SNITE Investments<\/title>\n<meta name=\"robots\" content=\"index, follow, max-snippet:-1, max-image-preview:large, max-video-preview:-1\" \/>\n<link rel=\"canonical\" href=\"https:\/\/snite.es\/ca\/politica-de-privacitat\/\" \/>\n<meta property=\"og:locale\" content=\"ca_ES\" \/>\n<meta property=\"og:type\" content=\"article\" \/>\n<meta property=\"og:title\" content=\"Pol\u00edtica de privacitat - SNITE Investments\" \/>\n<meta property=\"og:description\" content=\"Aquesta \u00e9s la pol\u00edtica de cookies, pol\u00edtica de privacitat i acord de tractament de dades personals de SNITE INVESTMENT S.L. i el lloc web snite.es Drets de les parts Si us plau, llegiu atentament l&#8217;Acord abans d&#8217;utilitzar el lloc web. En utilitzar el lloc web, accepteu autom\u00e0ticament els termes seg\u00fcents i est\u00e0 subjecte als termes [&hellip;]\" \/>\n<meta property=\"og:url\" content=\"https:\/\/snite.es\/ca\/politica-de-privacitat\/\" \/>\n<meta property=\"og:site_name\" content=\"SNITE Investments\" \/>\n<meta property=\"article:publisher\" content=\"https:\/\/www.facebook.com\/snite.investments\" \/>\n<meta property=\"article:modified_time\" content=\"2023-06-22T13:26:45+00:00\" \/>\n<meta name=\"twitter:card\" content=\"summary_large_image\" \/>\n<meta name=\"twitter:label1\" content=\"Temps estimat de lectura\" \/>\n\t<meta name=\"twitter:data1\" content=\"6 minuts\" \/>\n<script type=\"application\/ld+json\" class=\"yoast-schema-graph\">{\"@context\":\"https:\/\/schema.org\",\"@graph\":[{\"@type\":\"WebPage\",\"@id\":\"https:\/\/snite.es\/ca\/politica-de-privacitat\/\",\"url\":\"https:\/\/snite.es\/ca\/politica-de-privacitat\/\",\"name\":\"Pol\u00edtica de privacitat - SNITE Investments\",\"isPartOf\":{\"@id\":\"https:\/\/snite.es\/#website\"},\"datePublished\":\"2023-04-17T09:35:01+00:00\",\"dateModified\":\"2023-06-22T13:26:45+00:00\",\"breadcrumb\":{\"@id\":\"https:\/\/snite.es\/ca\/politica-de-privacitat\/#breadcrumb\"},\"inLanguage\":\"ca\",\"potentialAction\":[{\"@type\":\"ReadAction\",\"target\":[\"https:\/\/snite.es\/ca\/politica-de-privacitat\/\"]}]},{\"@type\":\"BreadcrumbList\",\"@id\":\"https:\/\/snite.es\/ca\/politica-de-privacitat\/#breadcrumb\",\"itemListElement\":[{\"@type\":\"ListItem\",\"position\":1,\"name\":\"\u0413\u043b\u0430\u0432\u043d\u0430\u044f \u0441\u0442\u0440\u0430\u043d\u0438\u0446\u0430\",\"item\":\"https:\/\/snite.es\/ca\/\"},{\"@type\":\"ListItem\",\"position\":2,\"name\":\"Pol\u00edtica de privacitat\"}]},{\"@type\":\"WebSite\",\"@id\":\"https:\/\/snite.es\/#website\",\"url\":\"https:\/\/snite.es\/\",\"name\":\"SNITE Investments\",\"description\":\"\",\"publisher\":{\"@id\":\"https:\/\/snite.es\/#organization\"},\"potentialAction\":[{\"@type\":\"SearchAction\",\"target\":{\"@type\":\"EntryPoint\",\"urlTemplate\":\"https:\/\/snite.es\/?s={search_term_string}\"},\"query-input\":\"required name=search_term_string\"}],\"inLanguage\":\"ca\"},{\"@type\":\"Organization\",\"@id\":\"https:\/\/snite.es\/#organization\",\"name\":\"SNITE Investments\",\"url\":\"https:\/\/snite.es\/\",\"logo\":{\"@type\":\"ImageObject\",\"inLanguage\":\"ca\",\"@id\":\"https:\/\/snite.es\/#\/schema\/logo\/image\/\",\"url\":\"https:\/\/snite.es\/wp-content\/uploads\/2023\/09\/logo_snite_investments_black.jpg\",\"contentUrl\":\"https:\/\/snite.es\/wp-content\/uploads\/2023\/09\/logo_snite_investments_black.jpg\",\"width\":899,\"height\":456,\"caption\":\"SNITE Investments\"},\"image\":{\"@id\":\"https:\/\/snite.es\/#\/schema\/logo\/image\/\"},\"sameAs\":[\"https:\/\/www.facebook.com\/snite.investments\",\"https:\/\/www.instagram.com\/snite.investments\/\"]}]}<\/script>\n<!-- \/ Yoast SEO plugin. -->","yoast_head_json":{"title":"Pol\u00edtica de privacitat - SNITE Investments","robots":{"index":"index","follow":"follow","max-snippet":"max-snippet:-1","max-image-preview":"max-image-preview:large","max-video-preview":"max-video-preview:-1"},"canonical":"https:\/\/snite.es\/ca\/politica-de-privacitat\/","og_locale":"ca_ES","og_type":"article","og_title":"Pol\u00edtica de privacitat - SNITE Investments","og_description":"Aquesta \u00e9s la pol\u00edtica de cookies, pol\u00edtica de privacitat i acord de tractament de dades personals de SNITE INVESTMENT S.L. i el lloc web snite.es Drets de les parts Si us plau, llegiu atentament l&#8217;Acord abans d&#8217;utilitzar el lloc web. En utilitzar el lloc web, accepteu autom\u00e0ticament els termes seg\u00fcents i est\u00e0 subjecte als termes [&hellip;]","og_url":"https:\/\/snite.es\/ca\/politica-de-privacitat\/","og_site_name":"SNITE Investments","article_publisher":"https:\/\/www.facebook.com\/snite.investments","article_modified_time":"2023-06-22T13:26:45+00:00","twitter_card":"summary_large_image","twitter_misc":{"Temps estimat de lectura":"6 minuts"},"schema":{"@context":"https:\/\/schema.org","@graph":[{"@type":"WebPage","@id":"https:\/\/snite.es\/ca\/politica-de-privacitat\/","url":"https:\/\/snite.es\/ca\/politica-de-privacitat\/","name":"Pol\u00edtica de privacitat - SNITE Investments","isPartOf":{"@id":"https:\/\/snite.es\/#website"},"datePublished":"2023-04-17T09:35:01+00:00","dateModified":"2023-06-22T13:26:45+00:00","breadcrumb":{"@id":"https:\/\/snite.es\/ca\/politica-de-privacitat\/#breadcrumb"},"inLanguage":"ca","potentialAction":[{"@type":"ReadAction","target":["https:\/\/snite.es\/ca\/politica-de-privacitat\/"]}]},{"@type":"BreadcrumbList","@id":"https:\/\/snite.es\/ca\/politica-de-privacitat\/#breadcrumb","itemListElement":[{"@type":"ListItem","position":1,"name":"\u0413\u043b\u0430\u0432\u043d\u0430\u044f \u0441\u0442\u0440\u0430\u043d\u0438\u0446\u0430","item":"https:\/\/snite.es\/ca\/"},{"@type":"ListItem","position":2,"name":"Pol\u00edtica de privacitat"}]},{"@type":"WebSite","@id":"https:\/\/snite.es\/#website","url":"https:\/\/snite.es\/","name":"SNITE Investments","description":"","publisher":{"@id":"https:\/\/snite.es\/#organization"},"potentialAction":[{"@type":"SearchAction","target":{"@type":"EntryPoint","urlTemplate":"https:\/\/snite.es\/?s={search_term_string}"},"query-input":"required name=search_term_string"}],"inLanguage":"ca"},{"@type":"Organization","@id":"https:\/\/snite.es\/#organization","name":"SNITE Investments","url":"https:\/\/snite.es\/","logo":{"@type":"ImageObject","inLanguage":"ca","@id":"https:\/\/snite.es\/#\/schema\/logo\/image\/","url":"https:\/\/snite.es\/wp-content\/uploads\/2023\/09\/logo_snite_investments_black.jpg","contentUrl":"https:\/\/snite.es\/wp-content\/uploads\/2023\/09\/logo_snite_investments_black.jpg","width":899,"height":456,"caption":"SNITE Investments"},"image":{"@id":"https:\/\/snite.es\/#\/schema\/logo\/image\/"},"sameAs":["https:\/\/www.facebook.com\/snite.investments","https:\/\/www.instagram.com\/snite.investments\/"]}]}},"_links":{"self":[{"href":"https:\/\/snite.es\/ca\/wp-json\/wp\/v2\/pages\/464","targetHints":{"allow":["GET"]}}],"collection":[{"href":"https:\/\/snite.es\/ca\/wp-json\/wp\/v2\/pages"}],"about":[{"href":"https:\/\/snite.es\/ca\/wp-json\/wp\/v2\/types\/page"}],"author":[{"embeddable":true,"href":"https:\/\/snite.es\/ca\/wp-json\/wp\/v2\/users\/1"}],"replies":[{"embeddable":true,"href":"https:\/\/snite.es\/ca\/wp-json\/wp\/v2\/comments?post=464"}],"version-history":[{"count":2,"href":"https:\/\/snite.es\/ca\/wp-json\/wp\/v2\/pages\/464\/revisions"}],"predecessor-version":[{"id":994,"href":"https:\/\/snite.es\/ca\/wp-json\/wp\/v2\/pages\/464\/revisions\/994"}],"wp:attachment":[{"href":"https:\/\/snite.es\/ca\/wp-json\/wp\/v2\/media?parent=464"}],"curies":[{"name":"wp","href":"https:\/\/api.w.org\/{rel}","templated":true}]}}