{"id":54,"date":"2023-04-15T23:23:02","date_gmt":"2023-04-15T20:23:02","guid":{"rendered":"http:\/\/investments.olger\/inversions\/"},"modified":"2023-04-19T10:48:27","modified_gmt":"2023-04-19T07:48:27","slug":"investments","status":"publish","type":"page","link":"https:\/\/snite.es\/ca\/investments\/","title":{"rendered":"Inversions"},"content":{"rendered":"<p>Durant l&#8217;\u00faltima d\u00e8cada, hi ha hagut molts arguments sobre quina \u00e9s la millor inversi\u00f3: comprar un negoci a Espanya o invertir en valors.<\/p>\n\n\n\n<p>Ambdues opcions d&#8217;inversi\u00f3 tenen els seus propis avantatges i desavantatges que les fan \u00faniques i demanades a la seva manera. Oferim aprofitar la situaci\u00f3 del mercat i guanyar diners amb inversions empresarials.<\/p>\n\n\n\n<p>Quan parlem de suport legal complet per a un inversor de la A a la Z, no ens referim nom\u00e9s al treball legal. Recordeu que a Espanya la major part de la feina legal que comporta la compra d&#8217;un negoci la realitza un agent immobiliari i no un advocat.<\/p>\n\n\n\n<p>Tenir un advocat local a prop no sempre \u00e9s una garantia contra &#8220;sorpreses&#8221; o &#8220;complicacions inevitables&#8221;, i molts compradors estrangers acaben davant dels tribunals despr\u00e9s de la transacci\u00f3, tot i que n&#8217;hi havia prou amb trobar un expert qualificat en compres comercials amb coneixements legals.<\/p>\n\n\n\n<p>La nostra empresa compta amb especialistes altament qualificats, on cadasc\u00fa \u00e9s un professional en el seu camp, des de la compra de b\u00e9ns immobles fins a l&#8217;an\u00e0lisi del rendiment financer del negoci.<\/p>","protected":false},"excerpt":{"rendered":"<p>Durant l&#8217;\u00faltima d\u00e8cada, hi ha hagut molts arguments sobre quina \u00e9s la millor inversi\u00f3: comprar un negoci a Espanya o invertir en valors. Ambdues opcions d&#8217;inversi\u00f3 tenen els seus propis avantatges i desavantatges que les fan \u00faniques i demanades a la seva manera. Oferim aprofitar la situaci\u00f3 del mercat i guanyar diners amb inversions empresarials. [&hellip;]<\/p>","protected":false},"author":1,"featured_media":0,"parent":0,"menu_order":0,"comment_status":"closed","ping_status":"closed","template":"category_page.php","meta":{"inline_featured_image":false,"footnotes":""},"class_list":["post-54","page","type-page","status-publish","hentry"],"acf":[],"yoast_head":"<!-- This site is optimized with the Yoast SEO plugin v20.5 - https:\/\/yoast.com\/wordpress\/plugins\/seo\/ -->\n<title>Inversions - SNITE Investments<\/title>\n<meta name=\"robots\" content=\"index, follow, max-snippet:-1, max-image-preview:large, max-video-preview:-1\" \/>\n<link rel=\"canonical\" href=\"https:\/\/snite.es\/ca\/investments\/\" \/>\n<meta property=\"og:locale\" content=\"ca_ES\" \/>\n<meta property=\"og:type\" content=\"article\" \/>\n<meta property=\"og:title\" content=\"Inversions - SNITE Investments\" \/>\n<meta property=\"og:description\" content=\"Durant l&#8217;\u00faltima d\u00e8cada, hi ha hagut molts arguments sobre quina \u00e9s la millor inversi\u00f3: comprar un negoci a Espanya o invertir en valors. Ambdues opcions d&#8217;inversi\u00f3 tenen els seus propis avantatges i desavantatges que les fan \u00faniques i demanades a la seva manera. Oferim aprofitar la situaci\u00f3 del mercat i guanyar diners amb inversions empresarials. [&hellip;]\" \/>\n<meta property=\"og:url\" content=\"https:\/\/snite.es\/ca\/investments\/\" \/>\n<meta property=\"og:site_name\" content=\"SNITE Investments\" \/>\n<meta property=\"article:publisher\" content=\"https:\/\/www.facebook.com\/snite.investments\" \/>\n<meta property=\"article:modified_time\" content=\"2023-04-19T07:48:27+00:00\" \/>\n<meta name=\"twitter:card\" content=\"summary_large_image\" \/>\n<meta name=\"twitter:label1\" content=\"Temps estimat de lectura\" \/>\n\t<meta name=\"twitter:data1\" content=\"1 minut\" \/>\n<script type=\"application\/ld+json\" class=\"yoast-schema-graph\">{\"@context\":\"https:\/\/schema.org\",\"@graph\":[{\"@type\":\"WebPage\",\"@id\":\"https:\/\/snite.es\/ca\/investments\/\",\"url\":\"https:\/\/snite.es\/ca\/investments\/\",\"name\":\"Inversions - SNITE Investments\",\"isPartOf\":{\"@id\":\"https:\/\/snite.es\/#website\"},\"datePublished\":\"2023-04-15T20:23:02+00:00\",\"dateModified\":\"2023-04-19T07:48:27+00:00\",\"breadcrumb\":{\"@id\":\"https:\/\/snite.es\/ca\/investments\/#breadcrumb\"},\"inLanguage\":\"ca\",\"potentialAction\":[{\"@type\":\"ReadAction\",\"target\":[\"https:\/\/snite.es\/ca\/investments\/\"]}]},{\"@type\":\"BreadcrumbList\",\"@id\":\"https:\/\/snite.es\/ca\/investments\/#breadcrumb\",\"itemListElement\":[{\"@type\":\"ListItem\",\"position\":1,\"name\":\"\u0413\u043b\u0430\u0432\u043d\u0430\u044f \u0441\u0442\u0440\u0430\u043d\u0438\u0446\u0430\",\"item\":\"https:\/\/snite.es\/ca\/\"},{\"@type\":\"ListItem\",\"position\":2,\"name\":\"Inversions\"}]},{\"@type\":\"WebSite\",\"@id\":\"https:\/\/snite.es\/#website\",\"url\":\"https:\/\/snite.es\/\",\"name\":\"SNITE Investments\",\"description\":\"\",\"publisher\":{\"@id\":\"https:\/\/snite.es\/#organization\"},\"potentialAction\":[{\"@type\":\"SearchAction\",\"target\":{\"@type\":\"EntryPoint\",\"urlTemplate\":\"https:\/\/snite.es\/?s={search_term_string}\"},\"query-input\":\"required name=search_term_string\"}],\"inLanguage\":\"ca\"},{\"@type\":\"Organization\",\"@id\":\"https:\/\/snite.es\/#organization\",\"name\":\"SNITE Investments\",\"url\":\"https:\/\/snite.es\/\",\"logo\":{\"@type\":\"ImageObject\",\"inLanguage\":\"ca\",\"@id\":\"https:\/\/snite.es\/#\/schema\/logo\/image\/\",\"url\":\"https:\/\/snite.es\/wp-content\/uploads\/2023\/09\/logo_snite_investments_black.jpg\",\"contentUrl\":\"https:\/\/snite.es\/wp-content\/uploads\/2023\/09\/logo_snite_investments_black.jpg\",\"width\":899,\"height\":456,\"caption\":\"SNITE Investments\"},\"image\":{\"@id\":\"https:\/\/snite.es\/#\/schema\/logo\/image\/\"},\"sameAs\":[\"https:\/\/www.facebook.com\/snite.investments\",\"https:\/\/www.instagram.com\/snite.investments\/\"]}]}<\/script>\n<!-- \/ Yoast SEO plugin. -->","yoast_head_json":{"title":"Inversions - SNITE Investments","robots":{"index":"index","follow":"follow","max-snippet":"max-snippet:-1","max-image-preview":"max-image-preview:large","max-video-preview":"max-video-preview:-1"},"canonical":"https:\/\/snite.es\/ca\/investments\/","og_locale":"ca_ES","og_type":"article","og_title":"Inversions - SNITE Investments","og_description":"Durant l&#8217;\u00faltima d\u00e8cada, hi ha hagut molts arguments sobre quina \u00e9s la millor inversi\u00f3: comprar un negoci a Espanya o invertir en valors. Ambdues opcions d&#8217;inversi\u00f3 tenen els seus propis avantatges i desavantatges que les fan \u00faniques i demanades a la seva manera. Oferim aprofitar la situaci\u00f3 del mercat i guanyar diners amb inversions empresarials. [&hellip;]","og_url":"https:\/\/snite.es\/ca\/investments\/","og_site_name":"SNITE Investments","article_publisher":"https:\/\/www.facebook.com\/snite.investments","article_modified_time":"2023-04-19T07:48:27+00:00","twitter_card":"summary_large_image","twitter_misc":{"Temps estimat de lectura":"1 minut"},"schema":{"@context":"https:\/\/schema.org","@graph":[{"@type":"WebPage","@id":"https:\/\/snite.es\/ca\/investments\/","url":"https:\/\/snite.es\/ca\/investments\/","name":"Inversions - SNITE Investments","isPartOf":{"@id":"https:\/\/snite.es\/#website"},"datePublished":"2023-04-15T20:23:02+00:00","dateModified":"2023-04-19T07:48:27+00:00","breadcrumb":{"@id":"https:\/\/snite.es\/ca\/investments\/#breadcrumb"},"inLanguage":"ca","potentialAction":[{"@type":"ReadAction","target":["https:\/\/snite.es\/ca\/investments\/"]}]},{"@type":"BreadcrumbList","@id":"https:\/\/snite.es\/ca\/investments\/#breadcrumb","itemListElement":[{"@type":"ListItem","position":1,"name":"\u0413\u043b\u0430\u0432\u043d\u0430\u044f \u0441\u0442\u0440\u0430\u043d\u0438\u0446\u0430","item":"https:\/\/snite.es\/ca\/"},{"@type":"ListItem","position":2,"name":"Inversions"}]},{"@type":"WebSite","@id":"https:\/\/snite.es\/#website","url":"https:\/\/snite.es\/","name":"SNITE Investments","description":"","publisher":{"@id":"https:\/\/snite.es\/#organization"},"potentialAction":[{"@type":"SearchAction","target":{"@type":"EntryPoint","urlTemplate":"https:\/\/snite.es\/?s={search_term_string}"},"query-input":"required name=search_term_string"}],"inLanguage":"ca"},{"@type":"Organization","@id":"https:\/\/snite.es\/#organization","name":"SNITE Investments","url":"https:\/\/snite.es\/","logo":{"@type":"ImageObject","inLanguage":"ca","@id":"https:\/\/snite.es\/#\/schema\/logo\/image\/","url":"https:\/\/snite.es\/wp-content\/uploads\/2023\/09\/logo_snite_investments_black.jpg","contentUrl":"https:\/\/snite.es\/wp-content\/uploads\/2023\/09\/logo_snite_investments_black.jpg","width":899,"height":456,"caption":"SNITE Investments"},"image":{"@id":"https:\/\/snite.es\/#\/schema\/logo\/image\/"},"sameAs":["https:\/\/www.facebook.com\/snite.investments","https:\/\/www.instagram.com\/snite.investments\/"]}]}},"_links":{"self":[{"href":"https:\/\/snite.es\/ca\/wp-json\/wp\/v2\/pages\/54","targetHints":{"allow":["GET"]}}],"collection":[{"href":"https:\/\/snite.es\/ca\/wp-json\/wp\/v2\/pages"}],"about":[{"href":"https:\/\/snite.es\/ca\/wp-json\/wp\/v2\/types\/page"}],"author":[{"embeddable":true,"href":"https:\/\/snite.es\/ca\/wp-json\/wp\/v2\/users\/1"}],"replies":[{"embeddable":true,"href":"https:\/\/snite.es\/ca\/wp-json\/wp\/v2\/comments?post=54"}],"version-history":[{"count":4,"href":"https:\/\/snite.es\/ca\/wp-json\/wp\/v2\/pages\/54\/revisions"}],"predecessor-version":[{"id":587,"href":"https:\/\/snite.es\/ca\/wp-json\/wp\/v2\/pages\/54\/revisions\/587"}],"wp:attachment":[{"href":"https:\/\/snite.es\/ca\/wp-json\/wp\/v2\/media?parent=54"}],"curies":[{"name":"wp","href":"https:\/\/api.w.org\/{rel}","templated":true}]}}