{"id":58,"date":"2023-04-15T23:28:10","date_gmt":"2023-04-15T20:28:10","guid":{"rendered":"http:\/\/investments.olger\/serveis\/"},"modified":"2024-01-20T17:04:08","modified_gmt":"2024-01-20T14:04:08","slug":"services","status":"publish","type":"page","link":"https:\/\/snite.es\/ca\/services\/","title":{"rendered":"Serveis"},"content":{"rendered":"<p>La nostra empresa ofereix un ampli ventall de serveis per a aquells que desitgin comprar o vendre propietats a Espanya. Ens especialitzem en serveis de trasllat privat, assessorament legal, obtenci\u00f3 de permisos de construcci\u00f3, certificaci\u00f3 d&#8217;arquitectes, valoraci\u00f3 de b\u00e9ns immobles i assist\u00e8ncia en l&#8217;obtenci\u00f3 de hipoteques.<\/p>\n\n\n\n<p>El nostre equip d&#8217;experts en immobles t\u00e9 un profund coneixement en la legislaci\u00f3 espanyola i tot el proc\u00e9s de compra o venda de propietats. Garantim als nostres clients una alta qualitat de serveis i un enfocament professional per a cada cas individual.<\/p>\n\n\n\n<p>Proporcionem als nostres clients un transport c\u00f2mode per tota Espanya, des de l&#8217;aeroport fins al lloc de dest\u00ed. Garantim que els nostres clients seran transportats de manera puntual i segura.<\/p>\n\n\n\n<p>El nostre equip d&#8217;advocats ofereix assessorament legal complet en totes les etapes del proc\u00e9s de transacci\u00f3, incloent la preparaci\u00f3 de tota la documentaci\u00f3 necess\u00e0ria i la signatura de contractes.<\/p>","protected":false},"excerpt":{"rendered":"<p>La nostra empresa ofereix un ampli ventall de serveis per a aquells que desitgin comprar o vendre propietats a Espanya. Ens especialitzem en serveis de trasllat privat, assessorament legal, obtenci\u00f3 de permisos de construcci\u00f3, certificaci\u00f3 d&#8217;arquitectes, valoraci\u00f3 de b\u00e9ns immobles i assist\u00e8ncia en l&#8217;obtenci\u00f3 de hipoteques. El nostre equip d&#8217;experts en immobles t\u00e9 un profund [&hellip;]<\/p>","protected":false},"author":1,"featured_media":0,"parent":0,"menu_order":0,"comment_status":"closed","ping_status":"closed","template":"category_page.php","meta":{"inline_featured_image":false,"footnotes":""},"class_list":["post-58","page","type-page","status-publish","hentry"],"acf":[],"yoast_head":"<!-- This site is optimized with the Yoast SEO plugin v20.5 - https:\/\/yoast.com\/wordpress\/plugins\/seo\/ -->\n<title>Serveis - SNITE Investments<\/title>\n<meta name=\"robots\" content=\"index, follow, max-snippet:-1, max-image-preview:large, max-video-preview:-1\" \/>\n<link rel=\"canonical\" href=\"https:\/\/snite.es\/ca\/services\/\" \/>\n<meta property=\"og:locale\" content=\"ca_ES\" \/>\n<meta property=\"og:type\" content=\"article\" \/>\n<meta property=\"og:title\" content=\"Serveis - SNITE Investments\" \/>\n<meta property=\"og:description\" content=\"La nostra empresa ofereix un ampli ventall de serveis per a aquells que desitgin comprar o vendre propietats a Espanya. Ens especialitzem en serveis de trasllat privat, assessorament legal, obtenci\u00f3 de permisos de construcci\u00f3, certificaci\u00f3 d&#8217;arquitectes, valoraci\u00f3 de b\u00e9ns immobles i assist\u00e8ncia en l&#8217;obtenci\u00f3 de hipoteques. El nostre equip d&#8217;experts en immobles t\u00e9 un profund [&hellip;]\" \/>\n<meta property=\"og:url\" content=\"https:\/\/snite.es\/ca\/services\/\" \/>\n<meta property=\"og:site_name\" content=\"SNITE Investments\" \/>\n<meta property=\"article:publisher\" content=\"https:\/\/www.facebook.com\/snite.investments\" \/>\n<meta property=\"article:modified_time\" content=\"2024-01-20T14:04:08+00:00\" \/>\n<meta name=\"twitter:card\" content=\"summary_large_image\" \/>\n<meta name=\"twitter:label1\" content=\"Temps estimat de lectura\" \/>\n\t<meta name=\"twitter:data1\" content=\"1 minut\" \/>\n<script type=\"application\/ld+json\" class=\"yoast-schema-graph\">{\"@context\":\"https:\/\/schema.org\",\"@graph\":[{\"@type\":\"WebPage\",\"@id\":\"https:\/\/snite.es\/ca\/services\/\",\"url\":\"https:\/\/snite.es\/ca\/services\/\",\"name\":\"Serveis - SNITE Investments\",\"isPartOf\":{\"@id\":\"https:\/\/snite.es\/#website\"},\"datePublished\":\"2023-04-15T20:28:10+00:00\",\"dateModified\":\"2024-01-20T14:04:08+00:00\",\"breadcrumb\":{\"@id\":\"https:\/\/snite.es\/ca\/services\/#breadcrumb\"},\"inLanguage\":\"ca\",\"potentialAction\":[{\"@type\":\"ReadAction\",\"target\":[\"https:\/\/snite.es\/ca\/services\/\"]}]},{\"@type\":\"BreadcrumbList\",\"@id\":\"https:\/\/snite.es\/ca\/services\/#breadcrumb\",\"itemListElement\":[{\"@type\":\"ListItem\",\"position\":1,\"name\":\"\u0413\u043b\u0430\u0432\u043d\u0430\u044f \u0441\u0442\u0440\u0430\u043d\u0438\u0446\u0430\",\"item\":\"https:\/\/snite.es\/ca\/\"},{\"@type\":\"ListItem\",\"position\":2,\"name\":\"Serveis\"}]},{\"@type\":\"WebSite\",\"@id\":\"https:\/\/snite.es\/#website\",\"url\":\"https:\/\/snite.es\/\",\"name\":\"SNITE Investments\",\"description\":\"\",\"publisher\":{\"@id\":\"https:\/\/snite.es\/#organization\"},\"potentialAction\":[{\"@type\":\"SearchAction\",\"target\":{\"@type\":\"EntryPoint\",\"urlTemplate\":\"https:\/\/snite.es\/?s={search_term_string}\"},\"query-input\":\"required name=search_term_string\"}],\"inLanguage\":\"ca\"},{\"@type\":\"Organization\",\"@id\":\"https:\/\/snite.es\/#organization\",\"name\":\"SNITE Investments\",\"url\":\"https:\/\/snite.es\/\",\"logo\":{\"@type\":\"ImageObject\",\"inLanguage\":\"ca\",\"@id\":\"https:\/\/snite.es\/#\/schema\/logo\/image\/\",\"url\":\"https:\/\/snite.es\/wp-content\/uploads\/2023\/09\/logo_snite_investments_black.jpg\",\"contentUrl\":\"https:\/\/snite.es\/wp-content\/uploads\/2023\/09\/logo_snite_investments_black.jpg\",\"width\":899,\"height\":456,\"caption\":\"SNITE Investments\"},\"image\":{\"@id\":\"https:\/\/snite.es\/#\/schema\/logo\/image\/\"},\"sameAs\":[\"https:\/\/www.facebook.com\/snite.investments\",\"https:\/\/www.instagram.com\/snite.investments\/\"]}]}<\/script>\n<!-- \/ Yoast SEO plugin. -->","yoast_head_json":{"title":"Serveis - SNITE Investments","robots":{"index":"index","follow":"follow","max-snippet":"max-snippet:-1","max-image-preview":"max-image-preview:large","max-video-preview":"max-video-preview:-1"},"canonical":"https:\/\/snite.es\/ca\/services\/","og_locale":"ca_ES","og_type":"article","og_title":"Serveis - SNITE Investments","og_description":"La nostra empresa ofereix un ampli ventall de serveis per a aquells que desitgin comprar o vendre propietats a Espanya. Ens especialitzem en serveis de trasllat privat, assessorament legal, obtenci\u00f3 de permisos de construcci\u00f3, certificaci\u00f3 d&#8217;arquitectes, valoraci\u00f3 de b\u00e9ns immobles i assist\u00e8ncia en l&#8217;obtenci\u00f3 de hipoteques. El nostre equip d&#8217;experts en immobles t\u00e9 un profund [&hellip;]","og_url":"https:\/\/snite.es\/ca\/services\/","og_site_name":"SNITE Investments","article_publisher":"https:\/\/www.facebook.com\/snite.investments","article_modified_time":"2024-01-20T14:04:08+00:00","twitter_card":"summary_large_image","twitter_misc":{"Temps estimat de lectura":"1 minut"},"schema":{"@context":"https:\/\/schema.org","@graph":[{"@type":"WebPage","@id":"https:\/\/snite.es\/ca\/services\/","url":"https:\/\/snite.es\/ca\/services\/","name":"Serveis - SNITE Investments","isPartOf":{"@id":"https:\/\/snite.es\/#website"},"datePublished":"2023-04-15T20:28:10+00:00","dateModified":"2024-01-20T14:04:08+00:00","breadcrumb":{"@id":"https:\/\/snite.es\/ca\/services\/#breadcrumb"},"inLanguage":"ca","potentialAction":[{"@type":"ReadAction","target":["https:\/\/snite.es\/ca\/services\/"]}]},{"@type":"BreadcrumbList","@id":"https:\/\/snite.es\/ca\/services\/#breadcrumb","itemListElement":[{"@type":"ListItem","position":1,"name":"\u0413\u043b\u0430\u0432\u043d\u0430\u044f \u0441\u0442\u0440\u0430\u043d\u0438\u0446\u0430","item":"https:\/\/snite.es\/ca\/"},{"@type":"ListItem","position":2,"name":"Serveis"}]},{"@type":"WebSite","@id":"https:\/\/snite.es\/#website","url":"https:\/\/snite.es\/","name":"SNITE Investments","description":"","publisher":{"@id":"https:\/\/snite.es\/#organization"},"potentialAction":[{"@type":"SearchAction","target":{"@type":"EntryPoint","urlTemplate":"https:\/\/snite.es\/?s={search_term_string}"},"query-input":"required name=search_term_string"}],"inLanguage":"ca"},{"@type":"Organization","@id":"https:\/\/snite.es\/#organization","name":"SNITE Investments","url":"https:\/\/snite.es\/","logo":{"@type":"ImageObject","inLanguage":"ca","@id":"https:\/\/snite.es\/#\/schema\/logo\/image\/","url":"https:\/\/snite.es\/wp-content\/uploads\/2023\/09\/logo_snite_investments_black.jpg","contentUrl":"https:\/\/snite.es\/wp-content\/uploads\/2023\/09\/logo_snite_investments_black.jpg","width":899,"height":456,"caption":"SNITE Investments"},"image":{"@id":"https:\/\/snite.es\/#\/schema\/logo\/image\/"},"sameAs":["https:\/\/www.facebook.com\/snite.investments","https:\/\/www.instagram.com\/snite.investments\/"]}]}},"_links":{"self":[{"href":"https:\/\/snite.es\/ca\/wp-json\/wp\/v2\/pages\/58","targetHints":{"allow":["GET"]}}],"collection":[{"href":"https:\/\/snite.es\/ca\/wp-json\/wp\/v2\/pages"}],"about":[{"href":"https:\/\/snite.es\/ca\/wp-json\/wp\/v2\/types\/page"}],"author":[{"embeddable":true,"href":"https:\/\/snite.es\/ca\/wp-json\/wp\/v2\/users\/1"}],"replies":[{"embeddable":true,"href":"https:\/\/snite.es\/ca\/wp-json\/wp\/v2\/comments?post=58"}],"version-history":[{"count":11,"href":"https:\/\/snite.es\/ca\/wp-json\/wp\/v2\/pages\/58\/revisions"}],"predecessor-version":[{"id":2611,"href":"https:\/\/snite.es\/ca\/wp-json\/wp\/v2\/pages\/58\/revisions\/2611"}],"wp:attachment":[{"href":"https:\/\/snite.es\/ca\/wp-json\/wp\/v2\/media?parent=58"}],"curies":[{"name":"wp","href":"https:\/\/api.w.org\/{rel}","templated":true}]}}