{"id":70,"date":"2023-04-15T23:24:19","date_gmt":"2023-04-15T20:24:19","guid":{"rendered":"http:\/\/investments.olger\/disseny\/"},"modified":"2023-09-21T21:48:28","modified_gmt":"2023-09-21T18:48:28","slug":"design","status":"publish","type":"page","link":"https:\/\/snite.es\/ca\/design\/","title":{"rendered":"Disseny"},"content":{"rendered":"<p>L&#8217;oficina de disseny ofereix una \u00e0mplia gamma de serveis de disseny d&#8217;interiors i exteriors. T&#8217;ajudarem a crear un ambient acollidor i funcional a la teva llar, oficina o qualsevol altre espai.<\/p>\n\n\n\n<p>El nostre equip de professionals desenvolupar\u00e0 un projecte de disseny individual, tenint en compte les vostres necessitats i desitjos. Oferim serveis per a la selecci\u00f3 de mobles, decoraci\u00f3, il\u00b7luminaci\u00f3 i altres elements interiors.<\/p>\n\n\n\n<p>Tamb\u00e9 podem ajudar amb l&#8217;elecci\u00f3 de colors, materials i acabats. L&#8217;oficina de disseny tamb\u00e9 ofereix serveis de disseny exterior, paisatgisme i paisatgisme.<\/p>\n\n\n\n<p>Podem desenvolupar un projecte de reurbanitzaci\u00f3 del local, augmentant la superf\u00edcie funcional i optimitzant l&#8217;espai.<\/p>\n\n\n\n<p>A m\u00e9s, estem preparats per oferir serveis de coordinaci\u00f3 del projecte amb ag\u00e8ncies governamentals i empreses gestores. El nostre equip t\u00e9 en compte tots els vostres desitjos i requisits per crear un disseny \u00fanic i elegant que reflecteixi la vostra personalitat.<\/p>\n\n\n\n<p>Amb nosaltres rebr\u00e0s un servei de disseny d&#8217;interiors i exteriors professional i de gran qualitat que convertir\u00e0 el teu espai en un oasi acollidor i funcional.<\/p>","protected":false},"excerpt":{"rendered":"<p>L&#8217;oficina de disseny ofereix una \u00e0mplia gamma de serveis de disseny d&#8217;interiors i exteriors. T&#8217;ajudarem a crear un ambient acollidor i funcional a la teva llar, oficina o qualsevol altre espai. El nostre equip de professionals desenvolupar\u00e0 un projecte de disseny individual, tenint en compte les vostres necessitats i desitjos. Oferim serveis per a la [&hellip;]<\/p>","protected":false},"author":1,"featured_media":0,"parent":0,"menu_order":0,"comment_status":"closed","ping_status":"closed","template":"design_page.php","meta":{"inline_featured_image":false,"footnotes":""},"class_list":["post-70","page","type-page","status-publish","hentry"],"acf":[],"yoast_head":"<!-- This site is optimized with the Yoast SEO plugin v20.5 - https:\/\/yoast.com\/wordpress\/plugins\/seo\/ -->\n<title>Disseny - SNITE Investments<\/title>\n<meta name=\"robots\" content=\"index, follow, max-snippet:-1, max-image-preview:large, max-video-preview:-1\" \/>\n<link rel=\"canonical\" href=\"https:\/\/snite.es\/ca\/design\/\" \/>\n<meta property=\"og:locale\" content=\"ca_ES\" \/>\n<meta property=\"og:type\" content=\"article\" \/>\n<meta property=\"og:title\" content=\"Disseny - SNITE Investments\" \/>\n<meta property=\"og:description\" content=\"L&#8217;oficina de disseny ofereix una \u00e0mplia gamma de serveis de disseny d&#8217;interiors i exteriors. T&#8217;ajudarem a crear un ambient acollidor i funcional a la teva llar, oficina o qualsevol altre espai. El nostre equip de professionals desenvolupar\u00e0 un projecte de disseny individual, tenint en compte les vostres necessitats i desitjos. Oferim serveis per a la [&hellip;]\" \/>\n<meta property=\"og:url\" content=\"https:\/\/snite.es\/ca\/design\/\" \/>\n<meta property=\"og:site_name\" content=\"SNITE Investments\" \/>\n<meta property=\"article:publisher\" content=\"https:\/\/www.facebook.com\/snite.investments\" \/>\n<meta property=\"article:modified_time\" content=\"2023-09-21T18:48:28+00:00\" \/>\n<meta name=\"twitter:card\" content=\"summary_large_image\" \/>\n<meta name=\"twitter:label1\" content=\"Temps estimat de lectura\" \/>\n\t<meta name=\"twitter:data1\" content=\"1 minut\" \/>\n<script type=\"application\/ld+json\" class=\"yoast-schema-graph\">{\"@context\":\"https:\/\/schema.org\",\"@graph\":[{\"@type\":\"WebPage\",\"@id\":\"https:\/\/snite.es\/ca\/design\/\",\"url\":\"https:\/\/snite.es\/ca\/design\/\",\"name\":\"Disseny - SNITE Investments\",\"isPartOf\":{\"@id\":\"https:\/\/snite.es\/#website\"},\"datePublished\":\"2023-04-15T20:24:19+00:00\",\"dateModified\":\"2023-09-21T18:48:28+00:00\",\"breadcrumb\":{\"@id\":\"https:\/\/snite.es\/ca\/design\/#breadcrumb\"},\"inLanguage\":\"ca\",\"potentialAction\":[{\"@type\":\"ReadAction\",\"target\":[\"https:\/\/snite.es\/ca\/design\/\"]}]},{\"@type\":\"BreadcrumbList\",\"@id\":\"https:\/\/snite.es\/ca\/design\/#breadcrumb\",\"itemListElement\":[{\"@type\":\"ListItem\",\"position\":1,\"name\":\"\u0413\u043b\u0430\u0432\u043d\u0430\u044f \u0441\u0442\u0440\u0430\u043d\u0438\u0446\u0430\",\"item\":\"https:\/\/snite.es\/ca\/\"},{\"@type\":\"ListItem\",\"position\":2,\"name\":\"Disseny\"}]},{\"@type\":\"WebSite\",\"@id\":\"https:\/\/snite.es\/#website\",\"url\":\"https:\/\/snite.es\/\",\"name\":\"SNITE Investments\",\"description\":\"\",\"publisher\":{\"@id\":\"https:\/\/snite.es\/#organization\"},\"potentialAction\":[{\"@type\":\"SearchAction\",\"target\":{\"@type\":\"EntryPoint\",\"urlTemplate\":\"https:\/\/snite.es\/?s={search_term_string}\"},\"query-input\":\"required name=search_term_string\"}],\"inLanguage\":\"ca\"},{\"@type\":\"Organization\",\"@id\":\"https:\/\/snite.es\/#organization\",\"name\":\"SNITE Investments\",\"url\":\"https:\/\/snite.es\/\",\"logo\":{\"@type\":\"ImageObject\",\"inLanguage\":\"ca\",\"@id\":\"https:\/\/snite.es\/#\/schema\/logo\/image\/\",\"url\":\"https:\/\/snite.es\/wp-content\/uploads\/2023\/09\/logo_snite_investments_black.jpg\",\"contentUrl\":\"https:\/\/snite.es\/wp-content\/uploads\/2023\/09\/logo_snite_investments_black.jpg\",\"width\":899,\"height\":456,\"caption\":\"SNITE Investments\"},\"image\":{\"@id\":\"https:\/\/snite.es\/#\/schema\/logo\/image\/\"},\"sameAs\":[\"https:\/\/www.facebook.com\/snite.investments\",\"https:\/\/www.instagram.com\/snite.investments\/\"]}]}<\/script>\n<!-- \/ Yoast SEO plugin. -->","yoast_head_json":{"title":"Disseny - SNITE Investments","robots":{"index":"index","follow":"follow","max-snippet":"max-snippet:-1","max-image-preview":"max-image-preview:large","max-video-preview":"max-video-preview:-1"},"canonical":"https:\/\/snite.es\/ca\/design\/","og_locale":"ca_ES","og_type":"article","og_title":"Disseny - SNITE Investments","og_description":"L&#8217;oficina de disseny ofereix una \u00e0mplia gamma de serveis de disseny d&#8217;interiors i exteriors. T&#8217;ajudarem a crear un ambient acollidor i funcional a la teva llar, oficina o qualsevol altre espai. El nostre equip de professionals desenvolupar\u00e0 un projecte de disseny individual, tenint en compte les vostres necessitats i desitjos. Oferim serveis per a la [&hellip;]","og_url":"https:\/\/snite.es\/ca\/design\/","og_site_name":"SNITE Investments","article_publisher":"https:\/\/www.facebook.com\/snite.investments","article_modified_time":"2023-09-21T18:48:28+00:00","twitter_card":"summary_large_image","twitter_misc":{"Temps estimat de lectura":"1 minut"},"schema":{"@context":"https:\/\/schema.org","@graph":[{"@type":"WebPage","@id":"https:\/\/snite.es\/ca\/design\/","url":"https:\/\/snite.es\/ca\/design\/","name":"Disseny - SNITE Investments","isPartOf":{"@id":"https:\/\/snite.es\/#website"},"datePublished":"2023-04-15T20:24:19+00:00","dateModified":"2023-09-21T18:48:28+00:00","breadcrumb":{"@id":"https:\/\/snite.es\/ca\/design\/#breadcrumb"},"inLanguage":"ca","potentialAction":[{"@type":"ReadAction","target":["https:\/\/snite.es\/ca\/design\/"]}]},{"@type":"BreadcrumbList","@id":"https:\/\/snite.es\/ca\/design\/#breadcrumb","itemListElement":[{"@type":"ListItem","position":1,"name":"\u0413\u043b\u0430\u0432\u043d\u0430\u044f \u0441\u0442\u0440\u0430\u043d\u0438\u0446\u0430","item":"https:\/\/snite.es\/ca\/"},{"@type":"ListItem","position":2,"name":"Disseny"}]},{"@type":"WebSite","@id":"https:\/\/snite.es\/#website","url":"https:\/\/snite.es\/","name":"SNITE Investments","description":"","publisher":{"@id":"https:\/\/snite.es\/#organization"},"potentialAction":[{"@type":"SearchAction","target":{"@type":"EntryPoint","urlTemplate":"https:\/\/snite.es\/?s={search_term_string}"},"query-input":"required name=search_term_string"}],"inLanguage":"ca"},{"@type":"Organization","@id":"https:\/\/snite.es\/#organization","name":"SNITE Investments","url":"https:\/\/snite.es\/","logo":{"@type":"ImageObject","inLanguage":"ca","@id":"https:\/\/snite.es\/#\/schema\/logo\/image\/","url":"https:\/\/snite.es\/wp-content\/uploads\/2023\/09\/logo_snite_investments_black.jpg","contentUrl":"https:\/\/snite.es\/wp-content\/uploads\/2023\/09\/logo_snite_investments_black.jpg","width":899,"height":456,"caption":"SNITE Investments"},"image":{"@id":"https:\/\/snite.es\/#\/schema\/logo\/image\/"},"sameAs":["https:\/\/www.facebook.com\/snite.investments","https:\/\/www.instagram.com\/snite.investments\/"]}]}},"_links":{"self":[{"href":"https:\/\/snite.es\/ca\/wp-json\/wp\/v2\/pages\/70","targetHints":{"allow":["GET"]}}],"collection":[{"href":"https:\/\/snite.es\/ca\/wp-json\/wp\/v2\/pages"}],"about":[{"href":"https:\/\/snite.es\/ca\/wp-json\/wp\/v2\/types\/page"}],"author":[{"embeddable":true,"href":"https:\/\/snite.es\/ca\/wp-json\/wp\/v2\/users\/1"}],"replies":[{"embeddable":true,"href":"https:\/\/snite.es\/ca\/wp-json\/wp\/v2\/comments?post=70"}],"version-history":[{"count":11,"href":"https:\/\/snite.es\/ca\/wp-json\/wp\/v2\/pages\/70\/revisions"}],"predecessor-version":[{"id":2454,"href":"https:\/\/snite.es\/ca\/wp-json\/wp\/v2\/pages\/70\/revisions\/2454"}],"wp:attachment":[{"href":"https:\/\/snite.es\/ca\/wp-json\/wp\/v2\/media?parent=70"}],"curies":[{"name":"wp","href":"https:\/\/api.w.org\/{rel}","templated":true}]}}