{"id":74,"date":"2023-04-15T23:27:46","date_gmt":"2023-04-15T20:27:46","guid":{"rendered":"http:\/\/investments.olger\/disseny-paisatgistic\/"},"modified":"2023-04-19T17:13:53","modified_gmt":"2023-04-19T14:13:53","slug":"landscaping","status":"publish","type":"page","link":"https:\/\/snite.es\/ca\/landscaping\/","title":{"rendered":"Disseny paisatg\u00edstic"},"content":{"rendered":"<p>Oferim una \u00e0mplia gamma de serveis per crear i mantenir paisatges bonics i funcionals. El nostre equip de paisatgistes professionals l&#8217;ajudar\u00e0 a crear un disseny \u00fanic i personalitzat per a la seva propietat. Serveis de disseny, elaboraci\u00f3 de pl\u00e0nols de paisatge, selecci\u00f3 i col\u00b7locaci\u00f3 de plantes i altres elements de disseny paisatg\u00edstic.<\/p>\n\n\n\n<p>Els nostres especialistes compten amb una \u00e0mplia experi\u00e8ncia i coneixements en el camp del disseny de plantes i terres. Tenim en compte les peculiaritats del clima, el s\u00f2l i el terreny per crear el millor resultat. Oferim un enfocament individualitzat a cada projecte i treballem en estreta col\u00b7laboraci\u00f3 amb el client. Oferim serveis per a la cura i manteniment dels paisatges, incloent reg, poda de plantes i altres tipus de treballs. La nostra empresa utilitza nom\u00e9s materials d&#8217;alta qualitat i respectuosos amb el medi ambient per crear paisatges.<\/p>\n\n\n\n<p>Tamb\u00e9 oferim serveis per a la creaci\u00f3 d&#8217;elements decoratius, com cascades, estanys, fonts, llacs artificials, etc. Garantim la qualitat dels nostres serveis i fem tot el possible perqu\u00e8 el client estigui satisfet amb el resultat. Si busqueu una empresa fiable per crear un paisatge preci\u00f3s, poseu-vos en contacte amb nosaltres: estem encantats d&#8217;ajudar-vos a donar vida a les vostres idees!<\/p>","protected":false},"excerpt":{"rendered":"<p>Oferim una \u00e0mplia gamma de serveis per crear i mantenir paisatges bonics i funcionals. El nostre equip de paisatgistes professionals l&#8217;ajudar\u00e0 a crear un disseny \u00fanic i personalitzat per a la seva propietat. Serveis de disseny, elaboraci\u00f3 de pl\u00e0nols de paisatge, selecci\u00f3 i col\u00b7locaci\u00f3 de plantes i altres elements de disseny paisatg\u00edstic. Els nostres especialistes [&hellip;]<\/p>","protected":false},"author":1,"featured_media":0,"parent":0,"menu_order":0,"comment_status":"closed","ping_status":"closed","template":"category_page.php","meta":{"inline_featured_image":false,"footnotes":""},"class_list":["post-74","page","type-page","status-publish","hentry"],"acf":[],"yoast_head":"<!-- This site is optimized with the Yoast SEO plugin v20.5 - https:\/\/yoast.com\/wordpress\/plugins\/seo\/ -->\n<title>Disseny paisatg\u00edstic - SNITE Investments<\/title>\n<meta name=\"robots\" content=\"index, follow, max-snippet:-1, max-image-preview:large, max-video-preview:-1\" \/>\n<link rel=\"canonical\" href=\"https:\/\/snite.es\/ca\/landscaping\/\" \/>\n<meta property=\"og:locale\" content=\"ca_ES\" \/>\n<meta property=\"og:type\" content=\"article\" \/>\n<meta property=\"og:title\" content=\"Disseny paisatg\u00edstic - SNITE Investments\" \/>\n<meta property=\"og:description\" content=\"Oferim una \u00e0mplia gamma de serveis per crear i mantenir paisatges bonics i funcionals. El nostre equip de paisatgistes professionals l&#8217;ajudar\u00e0 a crear un disseny \u00fanic i personalitzat per a la seva propietat. Serveis de disseny, elaboraci\u00f3 de pl\u00e0nols de paisatge, selecci\u00f3 i col\u00b7locaci\u00f3 de plantes i altres elements de disseny paisatg\u00edstic. Els nostres especialistes [&hellip;]\" \/>\n<meta property=\"og:url\" content=\"https:\/\/snite.es\/ca\/landscaping\/\" \/>\n<meta property=\"og:site_name\" content=\"SNITE Investments\" \/>\n<meta property=\"article:publisher\" content=\"https:\/\/www.facebook.com\/snite.investments\" \/>\n<meta property=\"article:modified_time\" content=\"2023-04-19T14:13:53+00:00\" \/>\n<meta name=\"twitter:card\" content=\"summary_large_image\" \/>\n<meta name=\"twitter:label1\" content=\"Temps estimat de lectura\" \/>\n\t<meta name=\"twitter:data1\" content=\"2 minuts\" \/>\n<script type=\"application\/ld+json\" class=\"yoast-schema-graph\">{\"@context\":\"https:\/\/schema.org\",\"@graph\":[{\"@type\":\"WebPage\",\"@id\":\"https:\/\/snite.es\/ca\/landscaping\/\",\"url\":\"https:\/\/snite.es\/ca\/landscaping\/\",\"name\":\"Disseny paisatg\u00edstic - SNITE Investments\",\"isPartOf\":{\"@id\":\"https:\/\/snite.es\/#website\"},\"datePublished\":\"2023-04-15T20:27:46+00:00\",\"dateModified\":\"2023-04-19T14:13:53+00:00\",\"breadcrumb\":{\"@id\":\"https:\/\/snite.es\/ca\/landscaping\/#breadcrumb\"},\"inLanguage\":\"ca\",\"potentialAction\":[{\"@type\":\"ReadAction\",\"target\":[\"https:\/\/snite.es\/ca\/landscaping\/\"]}]},{\"@type\":\"BreadcrumbList\",\"@id\":\"https:\/\/snite.es\/ca\/landscaping\/#breadcrumb\",\"itemListElement\":[{\"@type\":\"ListItem\",\"position\":1,\"name\":\"\u0413\u043b\u0430\u0432\u043d\u0430\u044f \u0441\u0442\u0440\u0430\u043d\u0438\u0446\u0430\",\"item\":\"https:\/\/snite.es\/ca\/\"},{\"@type\":\"ListItem\",\"position\":2,\"name\":\"Disseny paisatg\u00edstic\"}]},{\"@type\":\"WebSite\",\"@id\":\"https:\/\/snite.es\/#website\",\"url\":\"https:\/\/snite.es\/\",\"name\":\"SNITE Investments\",\"description\":\"\",\"publisher\":{\"@id\":\"https:\/\/snite.es\/#organization\"},\"potentialAction\":[{\"@type\":\"SearchAction\",\"target\":{\"@type\":\"EntryPoint\",\"urlTemplate\":\"https:\/\/snite.es\/?s={search_term_string}\"},\"query-input\":\"required name=search_term_string\"}],\"inLanguage\":\"ca\"},{\"@type\":\"Organization\",\"@id\":\"https:\/\/snite.es\/#organization\",\"name\":\"SNITE Investments\",\"url\":\"https:\/\/snite.es\/\",\"logo\":{\"@type\":\"ImageObject\",\"inLanguage\":\"ca\",\"@id\":\"https:\/\/snite.es\/#\/schema\/logo\/image\/\",\"url\":\"https:\/\/snite.es\/wp-content\/uploads\/2023\/09\/logo_snite_investments_black.jpg\",\"contentUrl\":\"https:\/\/snite.es\/wp-content\/uploads\/2023\/09\/logo_snite_investments_black.jpg\",\"width\":899,\"height\":456,\"caption\":\"SNITE Investments\"},\"image\":{\"@id\":\"https:\/\/snite.es\/#\/schema\/logo\/image\/\"},\"sameAs\":[\"https:\/\/www.facebook.com\/snite.investments\",\"https:\/\/www.instagram.com\/snite.investments\/\"]}]}<\/script>\n<!-- \/ Yoast SEO plugin. -->","yoast_head_json":{"title":"Disseny paisatg\u00edstic - SNITE Investments","robots":{"index":"index","follow":"follow","max-snippet":"max-snippet:-1","max-image-preview":"max-image-preview:large","max-video-preview":"max-video-preview:-1"},"canonical":"https:\/\/snite.es\/ca\/landscaping\/","og_locale":"ca_ES","og_type":"article","og_title":"Disseny paisatg\u00edstic - SNITE Investments","og_description":"Oferim una \u00e0mplia gamma de serveis per crear i mantenir paisatges bonics i funcionals. El nostre equip de paisatgistes professionals l&#8217;ajudar\u00e0 a crear un disseny \u00fanic i personalitzat per a la seva propietat. Serveis de disseny, elaboraci\u00f3 de pl\u00e0nols de paisatge, selecci\u00f3 i col\u00b7locaci\u00f3 de plantes i altres elements de disseny paisatg\u00edstic. Els nostres especialistes [&hellip;]","og_url":"https:\/\/snite.es\/ca\/landscaping\/","og_site_name":"SNITE Investments","article_publisher":"https:\/\/www.facebook.com\/snite.investments","article_modified_time":"2023-04-19T14:13:53+00:00","twitter_card":"summary_large_image","twitter_misc":{"Temps estimat de lectura":"2 minuts"},"schema":{"@context":"https:\/\/schema.org","@graph":[{"@type":"WebPage","@id":"https:\/\/snite.es\/ca\/landscaping\/","url":"https:\/\/snite.es\/ca\/landscaping\/","name":"Disseny paisatg\u00edstic - SNITE Investments","isPartOf":{"@id":"https:\/\/snite.es\/#website"},"datePublished":"2023-04-15T20:27:46+00:00","dateModified":"2023-04-19T14:13:53+00:00","breadcrumb":{"@id":"https:\/\/snite.es\/ca\/landscaping\/#breadcrumb"},"inLanguage":"ca","potentialAction":[{"@type":"ReadAction","target":["https:\/\/snite.es\/ca\/landscaping\/"]}]},{"@type":"BreadcrumbList","@id":"https:\/\/snite.es\/ca\/landscaping\/#breadcrumb","itemListElement":[{"@type":"ListItem","position":1,"name":"\u0413\u043b\u0430\u0432\u043d\u0430\u044f \u0441\u0442\u0440\u0430\u043d\u0438\u0446\u0430","item":"https:\/\/snite.es\/ca\/"},{"@type":"ListItem","position":2,"name":"Disseny paisatg\u00edstic"}]},{"@type":"WebSite","@id":"https:\/\/snite.es\/#website","url":"https:\/\/snite.es\/","name":"SNITE Investments","description":"","publisher":{"@id":"https:\/\/snite.es\/#organization"},"potentialAction":[{"@type":"SearchAction","target":{"@type":"EntryPoint","urlTemplate":"https:\/\/snite.es\/?s={search_term_string}"},"query-input":"required name=search_term_string"}],"inLanguage":"ca"},{"@type":"Organization","@id":"https:\/\/snite.es\/#organization","name":"SNITE Investments","url":"https:\/\/snite.es\/","logo":{"@type":"ImageObject","inLanguage":"ca","@id":"https:\/\/snite.es\/#\/schema\/logo\/image\/","url":"https:\/\/snite.es\/wp-content\/uploads\/2023\/09\/logo_snite_investments_black.jpg","contentUrl":"https:\/\/snite.es\/wp-content\/uploads\/2023\/09\/logo_snite_investments_black.jpg","width":899,"height":456,"caption":"SNITE Investments"},"image":{"@id":"https:\/\/snite.es\/#\/schema\/logo\/image\/"},"sameAs":["https:\/\/www.facebook.com\/snite.investments","https:\/\/www.instagram.com\/snite.investments\/"]}]}},"_links":{"self":[{"href":"https:\/\/snite.es\/ca\/wp-json\/wp\/v2\/pages\/74","targetHints":{"allow":["GET"]}}],"collection":[{"href":"https:\/\/snite.es\/ca\/wp-json\/wp\/v2\/pages"}],"about":[{"href":"https:\/\/snite.es\/ca\/wp-json\/wp\/v2\/types\/page"}],"author":[{"embeddable":true,"href":"https:\/\/snite.es\/ca\/wp-json\/wp\/v2\/users\/1"}],"replies":[{"embeddable":true,"href":"https:\/\/snite.es\/ca\/wp-json\/wp\/v2\/comments?post=74"}],"version-history":[{"count":4,"href":"https:\/\/snite.es\/ca\/wp-json\/wp\/v2\/pages\/74\/revisions"}],"predecessor-version":[{"id":880,"href":"https:\/\/snite.es\/ca\/wp-json\/wp\/v2\/pages\/74\/revisions\/880"}],"wp:attachment":[{"href":"https:\/\/snite.es\/ca\/wp-json\/wp\/v2\/media?parent=74"}],"curies":[{"name":"wp","href":"https:\/\/api.w.org\/{rel}","templated":true}]}}