{"id":1968,"date":"2023-09-01T11:04:29","date_gmt":"2023-09-01T08:04:29","guid":{"rendered":"https:\/\/snite.es\/services\/ouvrir-un-compte-bancaire-a-barcelone\/"},"modified":"2023-09-01T11:20:04","modified_gmt":"2023-09-01T08:20:04","slug":"bank-account","status":"publish","type":"page","link":"https:\/\/snite.es\/fr\/services\/bank-account\/","title":{"rendered":"Ouvrir un compte bancaire \u00e0 Barcelone"},"content":{"rendered":"<p>Barcelone n&rsquo;est pas seulement une destination touristique magnifique, mais aussi un centre d&rsquo;affaires et de finances en Espagne. Que vous envisagiez d&rsquo;investir, de cr\u00e9er une entreprise ou de vivre dans cette belle ville, l&rsquo;ouverture d&rsquo;un compte bancaire ici peut \u00eatre votre premier pas important vers la stabilit\u00e9 financi\u00e8re.<\/p>\n<p>Nous avons une offre exceptionnelle pour ceux qui recherchent des services d&rsquo;ouverture de compte bancaire \u00e0 Barcelone. Notre entreprise est sp\u00e9cialis\u00e9e dans la fourniture d&rsquo;une gamme compl\u00e8te de services bancaires pour les clients locaux et internationaux. Voici quelques raisons de nous choisir :<\/p>\n<ol>\n<li><strong>Expertise et exp\u00e9rience :<\/strong> Nous avons une vaste exp\u00e9rience de travail avec des banques locales et internationales et sommes bien au fait de toutes les subtilit\u00e9s et exigences li\u00e9es \u00e0 l&rsquo;ouverture de comptes \u00e0 Barcelone. Nous vous aiderons \u00e0 choisir la banque qui correspond le mieux \u00e0 vos besoins et objectifs.<\/li>\n<li><strong>Soutien \u00e0 chaque \u00e9tape :<\/strong> Nos experts vous accompagneront \u00e0 chaque \u00e9tape du processus, de la collecte des documents n\u00e9cessaires \u00e0 l&rsquo;ouverture effective du compte. Nous vous fournirons toutes les informations n\u00e9cessaires et vous guiderons dans les \u00e9tapes \u00e0 suivre.<\/li>\n<li><strong>Approche personnalis\u00e9e :<\/strong> Nous comprenons que chaque client est unique. Nous \u00e9laborerons un plan personnalis\u00e9 pour vous et vous proposerons les meilleures options de compte et de services qui correspondent \u00e0 vos besoins.<\/li>\n<li><strong>Confidentialit\u00e9 et s\u00e9curit\u00e9 :<\/strong> Nous garantissons la confidentialit\u00e9 totale de vos donn\u00e9es financi\u00e8res et le respect de toutes les normes de s\u00e9curit\u00e9. Vous pouvez \u00eatre assur\u00e9 que vos fonds sont bien prot\u00e9g\u00e9s.<\/li>\n<li><strong>Confort et accessibilit\u00e9 :<\/strong> Nous travaillons pour vous, et notre mission est de rendre le processus d&rsquo;ouverture de compte aussi fluide que possible. Vous pouvez nous contacter \u00e0 tout moment et obtenir l&rsquo;aide dont vous avez besoin.<\/li>\n<\/ol>\n<p>L&rsquo;ouverture d&rsquo;un compte bancaire \u00e0 Barcelone est une \u00e9tape importante vers votre r\u00e9ussite financi\u00e8re. Contactez-nous, et nous vous aiderons \u00e0 rendre ce processus aussi fluide et efficace que possible. Commencez \u00e0 \u00e9laborer vos plans financiers avec nous d\u00e8s aujourd&rsquo;hui !<\/p>","protected":false},"excerpt":{"rendered":"<p>Barcelone n&rsquo;est pas seulement une destination touristique magnifique, mais aussi un centre d&rsquo;affaires et de finances en Espagne. Que vous envisagiez d&rsquo;investir, de cr\u00e9er une entreprise ou de vivre dans cette belle ville, l&rsquo;ouverture d&rsquo;un compte bancaire ici peut \u00eatre votre premier pas important vers la stabilit\u00e9 financi\u00e8re. Nous avons une offre exceptionnelle pour ceux [&hellip;]<\/p>","protected":false},"author":1,"featured_media":0,"parent":463,"menu_order":0,"comment_status":"closed","ping_status":"closed","template":"category_page.php","meta":{"inline_featured_image":false,"footnotes":""},"class_list":["post-1968","page","type-page","status-publish","hentry"],"acf":[],"yoast_head":"<!-- This site is optimized with the Yoast SEO plugin v20.5 - https:\/\/yoast.com\/wordpress\/plugins\/seo\/ -->\n<title>Ouvrir un compte bancaire \u00e0 Barcelone - SNITE Investments<\/title>\n<meta name=\"robots\" content=\"index, follow, max-snippet:-1, max-image-preview:large, max-video-preview:-1\" \/>\n<link rel=\"canonical\" href=\"https:\/\/snite.es\/fr\/services\/bank-account\/\" \/>\n<meta property=\"og:locale\" content=\"fr_FR\" \/>\n<meta property=\"og:type\" content=\"article\" \/>\n<meta property=\"og:title\" content=\"Ouvrir un compte bancaire \u00e0 Barcelone - SNITE Investments\" \/>\n<meta property=\"og:description\" content=\"Barcelone n&rsquo;est pas seulement une destination touristique magnifique, mais aussi un centre d&rsquo;affaires et de finances en Espagne. Que vous envisagiez d&rsquo;investir, de cr\u00e9er une entreprise ou de vivre dans cette belle ville, l&rsquo;ouverture d&rsquo;un compte bancaire ici peut \u00eatre votre premier pas important vers la stabilit\u00e9 financi\u00e8re. Nous avons une offre exceptionnelle pour ceux [&hellip;]\" \/>\n<meta property=\"og:url\" content=\"https:\/\/snite.es\/fr\/services\/bank-account\/\" \/>\n<meta property=\"og:site_name\" content=\"SNITE Investments\" \/>\n<meta property=\"article:publisher\" content=\"https:\/\/www.facebook.com\/snite.investments\" \/>\n<meta property=\"article:modified_time\" content=\"2023-09-01T08:20:04+00:00\" \/>\n<meta name=\"twitter:card\" content=\"summary_large_image\" \/>\n<meta name=\"twitter:label1\" content=\"Dur\u00e9e de lecture estim\u00e9e\" \/>\n\t<meta name=\"twitter:data1\" content=\"2 minutes\" \/>\n<script type=\"application\/ld+json\" class=\"yoast-schema-graph\">{\"@context\":\"https:\/\/schema.org\",\"@graph\":[{\"@type\":\"WebPage\",\"@id\":\"https:\/\/snite.es\/fr\/services\/bank-account\/\",\"url\":\"https:\/\/snite.es\/fr\/services\/bank-account\/\",\"name\":\"Ouvrir un compte bancaire \u00e0 Barcelone - SNITE Investments\",\"isPartOf\":{\"@id\":\"https:\/\/snite.es\/#website\"},\"datePublished\":\"2023-09-01T08:04:29+00:00\",\"dateModified\":\"2023-09-01T08:20:04+00:00\",\"breadcrumb\":{\"@id\":\"https:\/\/snite.es\/fr\/services\/bank-account\/#breadcrumb\"},\"inLanguage\":\"fr-FR\",\"potentialAction\":[{\"@type\":\"ReadAction\",\"target\":[\"https:\/\/snite.es\/fr\/services\/bank-account\/\"]}]},{\"@type\":\"BreadcrumbList\",\"@id\":\"https:\/\/snite.es\/fr\/services\/bank-account\/#breadcrumb\",\"itemListElement\":[{\"@type\":\"ListItem\",\"position\":1,\"name\":\"\u0413\u043b\u0430\u0432\u043d\u0430\u044f \u0441\u0442\u0440\u0430\u043d\u0438\u0446\u0430\",\"item\":\"https:\/\/snite.es\/fr\/\"},{\"@type\":\"ListItem\",\"position\":2,\"name\":\"Services\",\"item\":\"https:\/\/snite.es\/fr\/services\/\"},{\"@type\":\"ListItem\",\"position\":3,\"name\":\"Ouvrir un compte bancaire \u00e0 Barcelone\"}]},{\"@type\":\"WebSite\",\"@id\":\"https:\/\/snite.es\/#website\",\"url\":\"https:\/\/snite.es\/\",\"name\":\"SNITE Investments\",\"description\":\"\",\"publisher\":{\"@id\":\"https:\/\/snite.es\/#organization\"},\"potentialAction\":[{\"@type\":\"SearchAction\",\"target\":{\"@type\":\"EntryPoint\",\"urlTemplate\":\"https:\/\/snite.es\/?s={search_term_string}\"},\"query-input\":\"required name=search_term_string\"}],\"inLanguage\":\"fr-FR\"},{\"@type\":\"Organization\",\"@id\":\"https:\/\/snite.es\/#organization\",\"name\":\"SNITE Investments\",\"url\":\"https:\/\/snite.es\/\",\"logo\":{\"@type\":\"ImageObject\",\"inLanguage\":\"fr-FR\",\"@id\":\"https:\/\/snite.es\/#\/schema\/logo\/image\/\",\"url\":\"https:\/\/snite.es\/wp-content\/uploads\/2023\/09\/logo_snite_investments_black.jpg\",\"contentUrl\":\"https:\/\/snite.es\/wp-content\/uploads\/2023\/09\/logo_snite_investments_black.jpg\",\"width\":899,\"height\":456,\"caption\":\"SNITE Investments\"},\"image\":{\"@id\":\"https:\/\/snite.es\/#\/schema\/logo\/image\/\"},\"sameAs\":[\"https:\/\/www.facebook.com\/snite.investments\",\"https:\/\/www.instagram.com\/snite.investments\/\"]}]}<\/script>\n<!-- \/ Yoast SEO plugin. -->","yoast_head_json":{"title":"Ouvrir un compte bancaire \u00e0 Barcelone - SNITE Investments","robots":{"index":"index","follow":"follow","max-snippet":"max-snippet:-1","max-image-preview":"max-image-preview:large","max-video-preview":"max-video-preview:-1"},"canonical":"https:\/\/snite.es\/fr\/services\/bank-account\/","og_locale":"fr_FR","og_type":"article","og_title":"Ouvrir un compte bancaire \u00e0 Barcelone - SNITE Investments","og_description":"Barcelone n&rsquo;est pas seulement une destination touristique magnifique, mais aussi un centre d&rsquo;affaires et de finances en Espagne. Que vous envisagiez d&rsquo;investir, de cr\u00e9er une entreprise ou de vivre dans cette belle ville, l&rsquo;ouverture d&rsquo;un compte bancaire ici peut \u00eatre votre premier pas important vers la stabilit\u00e9 financi\u00e8re. Nous avons une offre exceptionnelle pour ceux [&hellip;]","og_url":"https:\/\/snite.es\/fr\/services\/bank-account\/","og_site_name":"SNITE Investments","article_publisher":"https:\/\/www.facebook.com\/snite.investments","article_modified_time":"2023-09-01T08:20:04+00:00","twitter_card":"summary_large_image","twitter_misc":{"Dur\u00e9e de lecture estim\u00e9e":"2 minutes"},"schema":{"@context":"https:\/\/schema.org","@graph":[{"@type":"WebPage","@id":"https:\/\/snite.es\/fr\/services\/bank-account\/","url":"https:\/\/snite.es\/fr\/services\/bank-account\/","name":"Ouvrir un compte bancaire \u00e0 Barcelone - SNITE Investments","isPartOf":{"@id":"https:\/\/snite.es\/#website"},"datePublished":"2023-09-01T08:04:29+00:00","dateModified":"2023-09-01T08:20:04+00:00","breadcrumb":{"@id":"https:\/\/snite.es\/fr\/services\/bank-account\/#breadcrumb"},"inLanguage":"fr-FR","potentialAction":[{"@type":"ReadAction","target":["https:\/\/snite.es\/fr\/services\/bank-account\/"]}]},{"@type":"BreadcrumbList","@id":"https:\/\/snite.es\/fr\/services\/bank-account\/#breadcrumb","itemListElement":[{"@type":"ListItem","position":1,"name":"\u0413\u043b\u0430\u0432\u043d\u0430\u044f \u0441\u0442\u0440\u0430\u043d\u0438\u0446\u0430","item":"https:\/\/snite.es\/fr\/"},{"@type":"ListItem","position":2,"name":"Services","item":"https:\/\/snite.es\/fr\/services\/"},{"@type":"ListItem","position":3,"name":"Ouvrir un compte bancaire \u00e0 Barcelone"}]},{"@type":"WebSite","@id":"https:\/\/snite.es\/#website","url":"https:\/\/snite.es\/","name":"SNITE Investments","description":"","publisher":{"@id":"https:\/\/snite.es\/#organization"},"potentialAction":[{"@type":"SearchAction","target":{"@type":"EntryPoint","urlTemplate":"https:\/\/snite.es\/?s={search_term_string}"},"query-input":"required name=search_term_string"}],"inLanguage":"fr-FR"},{"@type":"Organization","@id":"https:\/\/snite.es\/#organization","name":"SNITE Investments","url":"https:\/\/snite.es\/","logo":{"@type":"ImageObject","inLanguage":"fr-FR","@id":"https:\/\/snite.es\/#\/schema\/logo\/image\/","url":"https:\/\/snite.es\/wp-content\/uploads\/2023\/09\/logo_snite_investments_black.jpg","contentUrl":"https:\/\/snite.es\/wp-content\/uploads\/2023\/09\/logo_snite_investments_black.jpg","width":899,"height":456,"caption":"SNITE Investments"},"image":{"@id":"https:\/\/snite.es\/#\/schema\/logo\/image\/"},"sameAs":["https:\/\/www.facebook.com\/snite.investments","https:\/\/www.instagram.com\/snite.investments\/"]}]}},"_links":{"self":[{"href":"https:\/\/snite.es\/fr\/wp-json\/wp\/v2\/pages\/1968","targetHints":{"allow":["GET"]}}],"collection":[{"href":"https:\/\/snite.es\/fr\/wp-json\/wp\/v2\/pages"}],"about":[{"href":"https:\/\/snite.es\/fr\/wp-json\/wp\/v2\/types\/page"}],"author":[{"embeddable":true,"href":"https:\/\/snite.es\/fr\/wp-json\/wp\/v2\/users\/1"}],"replies":[{"embeddable":true,"href":"https:\/\/snite.es\/fr\/wp-json\/wp\/v2\/comments?post=1968"}],"version-history":[{"count":2,"href":"https:\/\/snite.es\/fr\/wp-json\/wp\/v2\/pages\/1968\/revisions"}],"predecessor-version":[{"id":1970,"href":"https:\/\/snite.es\/fr\/wp-json\/wp\/v2\/pages\/1968\/revisions\/1970"}],"up":[{"embeddable":true,"href":"https:\/\/snite.es\/fr\/wp-json\/wp\/v2\/pages\/463"}],"wp:attachment":[{"href":"https:\/\/snite.es\/fr\/wp-json\/wp\/v2\/media?parent=1968"}],"curies":[{"name":"wp","href":"https:\/\/api.w.org\/{rel}","templated":true}]}}