{"id":457,"date":"2023-04-15T23:24:19","date_gmt":"2023-04-15T20:24:19","guid":{"rendered":"http:\/\/investments.olger\/design\/"},"modified":"2023-04-19T11:40:59","modified_gmt":"2023-04-19T08:40:59","slug":"design","status":"publish","type":"page","link":"https:\/\/snite.es\/fr\/design\/","title":{"rendered":"D\u00e9sign"},"content":{"rendered":"<p>Le bureau d&rsquo;\u00e9tudes propose une large gamme de services de design d&rsquo;int\u00e9rieur et d&rsquo;ext\u00e9rieur. Nous vous aiderons \u00e0 cr\u00e9er un environnement confortable et fonctionnel dans votre maison, votre bureau ou tout autre espace.<\/p>\n\n\n\n<p>Notre \u00e9quipe de professionnels \u00e9laborera un projet de conception individuel, en tenant compte de vos besoins et de vos d\u00e9sirs. Nous offrons des services pour la s\u00e9lection de mobilier, de d\u00e9coration, d&rsquo;\u00e9clairage et d&rsquo;autres \u00e9l\u00e9ments d&rsquo;int\u00e9rieur.<\/p>\n\n\n\n<p>Nous pouvons \u00e9galement vous aider dans le choix des couleurs, des mat\u00e9riaux et des finitions. Le bureau d&rsquo;\u00e9tudes offre \u00e9galement des services de design ext\u00e9rieur, d&rsquo;am\u00e9nagement paysager et d&rsquo;am\u00e9nagement paysager.<\/p>\n\n\n\n<p>Nous pouvons d\u00e9velopper un projet de r\u00e9am\u00e9nagement des locaux, d&rsquo;augmentation de la surface fonctionnelle et d&rsquo;optimisation de l&rsquo;espace.<\/p>\n\n\n\n<p>De plus, nous sommes pr\u00eats \u00e0 fournir des services de coordination du projet avec les agences gouvernementales et les soci\u00e9t\u00e9s de gestion. Notre \u00e9quipe prend en compte tous vos souhaits et exigences afin de cr\u00e9er un design unique et \u00e9l\u00e9gant qui refl\u00e8te votre personnalit\u00e9.<\/p>\n\n\n\n<p>Avec nous, vous recevrez un service de design int\u00e9rieur et ext\u00e9rieur professionnel et de haute qualit\u00e9 qui transformera votre espace en une oasis confortable et fonctionnelle.<\/p>","protected":false},"excerpt":{"rendered":"<p>Le bureau d&rsquo;\u00e9tudes propose une large gamme de services de design d&rsquo;int\u00e9rieur et d&rsquo;ext\u00e9rieur. Nous vous aiderons \u00e0 cr\u00e9er un environnement confortable et fonctionnel dans votre maison, votre bureau ou tout autre espace. Notre \u00e9quipe de professionnels \u00e9laborera un projet de conception individuel, en tenant compte de vos besoins et de vos d\u00e9sirs. Nous offrons [&hellip;]<\/p>","protected":false},"author":1,"featured_media":0,"parent":0,"menu_order":0,"comment_status":"closed","ping_status":"closed","template":"design_page.php","meta":{"inline_featured_image":false,"footnotes":""},"class_list":["post-457","page","type-page","status-publish","hentry"],"acf":[],"yoast_head":"<!-- This site is optimized with the Yoast SEO plugin v20.5 - https:\/\/yoast.com\/wordpress\/plugins\/seo\/ -->\n<title>D\u00e9sign - SNITE Investments<\/title>\n<meta name=\"robots\" content=\"index, follow, max-snippet:-1, max-image-preview:large, max-video-preview:-1\" \/>\n<link rel=\"canonical\" href=\"https:\/\/snite.es\/fr\/design\/\" \/>\n<meta property=\"og:locale\" content=\"fr_FR\" \/>\n<meta property=\"og:type\" content=\"article\" \/>\n<meta property=\"og:title\" content=\"D\u00e9sign - SNITE Investments\" \/>\n<meta property=\"og:description\" content=\"Le bureau d&rsquo;\u00e9tudes propose une large gamme de services de design d&rsquo;int\u00e9rieur et d&rsquo;ext\u00e9rieur. Nous vous aiderons \u00e0 cr\u00e9er un environnement confortable et fonctionnel dans votre maison, votre bureau ou tout autre espace. Notre \u00e9quipe de professionnels \u00e9laborera un projet de conception individuel, en tenant compte de vos besoins et de vos d\u00e9sirs. Nous offrons [&hellip;]\" \/>\n<meta property=\"og:url\" content=\"https:\/\/snite.es\/fr\/design\/\" \/>\n<meta property=\"og:site_name\" content=\"SNITE Investments\" \/>\n<meta property=\"article:publisher\" content=\"https:\/\/www.facebook.com\/snite.investments\" \/>\n<meta property=\"article:modified_time\" content=\"2023-04-19T08:40:59+00:00\" \/>\n<meta name=\"twitter:card\" content=\"summary_large_image\" \/>\n<meta name=\"twitter:label1\" content=\"Dur\u00e9e de lecture estim\u00e9e\" \/>\n\t<meta name=\"twitter:data1\" content=\"2 minutes\" \/>\n<script type=\"application\/ld+json\" class=\"yoast-schema-graph\">{\"@context\":\"https:\/\/schema.org\",\"@graph\":[{\"@type\":\"WebPage\",\"@id\":\"https:\/\/snite.es\/fr\/design\/\",\"url\":\"https:\/\/snite.es\/fr\/design\/\",\"name\":\"D\u00e9sign - SNITE Investments\",\"isPartOf\":{\"@id\":\"https:\/\/snite.es\/#website\"},\"datePublished\":\"2023-04-15T20:24:19+00:00\",\"dateModified\":\"2023-04-19T08:40:59+00:00\",\"breadcrumb\":{\"@id\":\"https:\/\/snite.es\/fr\/design\/#breadcrumb\"},\"inLanguage\":\"fr-FR\",\"potentialAction\":[{\"@type\":\"ReadAction\",\"target\":[\"https:\/\/snite.es\/fr\/design\/\"]}]},{\"@type\":\"BreadcrumbList\",\"@id\":\"https:\/\/snite.es\/fr\/design\/#breadcrumb\",\"itemListElement\":[{\"@type\":\"ListItem\",\"position\":1,\"name\":\"\u0413\u043b\u0430\u0432\u043d\u0430\u044f \u0441\u0442\u0440\u0430\u043d\u0438\u0446\u0430\",\"item\":\"https:\/\/snite.es\/fr\/\"},{\"@type\":\"ListItem\",\"position\":2,\"name\":\"D\u00e9sign\"}]},{\"@type\":\"WebSite\",\"@id\":\"https:\/\/snite.es\/#website\",\"url\":\"https:\/\/snite.es\/\",\"name\":\"SNITE Investments\",\"description\":\"\",\"publisher\":{\"@id\":\"https:\/\/snite.es\/#organization\"},\"potentialAction\":[{\"@type\":\"SearchAction\",\"target\":{\"@type\":\"EntryPoint\",\"urlTemplate\":\"https:\/\/snite.es\/?s={search_term_string}\"},\"query-input\":\"required name=search_term_string\"}],\"inLanguage\":\"fr-FR\"},{\"@type\":\"Organization\",\"@id\":\"https:\/\/snite.es\/#organization\",\"name\":\"SNITE Investments\",\"url\":\"https:\/\/snite.es\/\",\"logo\":{\"@type\":\"ImageObject\",\"inLanguage\":\"fr-FR\",\"@id\":\"https:\/\/snite.es\/#\/schema\/logo\/image\/\",\"url\":\"https:\/\/snite.es\/wp-content\/uploads\/2023\/09\/logo_snite_investments_black.jpg\",\"contentUrl\":\"https:\/\/snite.es\/wp-content\/uploads\/2023\/09\/logo_snite_investments_black.jpg\",\"width\":899,\"height\":456,\"caption\":\"SNITE Investments\"},\"image\":{\"@id\":\"https:\/\/snite.es\/#\/schema\/logo\/image\/\"},\"sameAs\":[\"https:\/\/www.facebook.com\/snite.investments\",\"https:\/\/www.instagram.com\/snite.investments\/\"]}]}<\/script>\n<!-- \/ Yoast SEO plugin. -->","yoast_head_json":{"title":"D\u00e9sign - SNITE Investments","robots":{"index":"index","follow":"follow","max-snippet":"max-snippet:-1","max-image-preview":"max-image-preview:large","max-video-preview":"max-video-preview:-1"},"canonical":"https:\/\/snite.es\/fr\/design\/","og_locale":"fr_FR","og_type":"article","og_title":"D\u00e9sign - SNITE Investments","og_description":"Le bureau d&rsquo;\u00e9tudes propose une large gamme de services de design d&rsquo;int\u00e9rieur et d&rsquo;ext\u00e9rieur. Nous vous aiderons \u00e0 cr\u00e9er un environnement confortable et fonctionnel dans votre maison, votre bureau ou tout autre espace. Notre \u00e9quipe de professionnels \u00e9laborera un projet de conception individuel, en tenant compte de vos besoins et de vos d\u00e9sirs. Nous offrons [&hellip;]","og_url":"https:\/\/snite.es\/fr\/design\/","og_site_name":"SNITE Investments","article_publisher":"https:\/\/www.facebook.com\/snite.investments","article_modified_time":"2023-04-19T08:40:59+00:00","twitter_card":"summary_large_image","twitter_misc":{"Dur\u00e9e de lecture estim\u00e9e":"2 minutes"},"schema":{"@context":"https:\/\/schema.org","@graph":[{"@type":"WebPage","@id":"https:\/\/snite.es\/fr\/design\/","url":"https:\/\/snite.es\/fr\/design\/","name":"D\u00e9sign - SNITE Investments","isPartOf":{"@id":"https:\/\/snite.es\/#website"},"datePublished":"2023-04-15T20:24:19+00:00","dateModified":"2023-04-19T08:40:59+00:00","breadcrumb":{"@id":"https:\/\/snite.es\/fr\/design\/#breadcrumb"},"inLanguage":"fr-FR","potentialAction":[{"@type":"ReadAction","target":["https:\/\/snite.es\/fr\/design\/"]}]},{"@type":"BreadcrumbList","@id":"https:\/\/snite.es\/fr\/design\/#breadcrumb","itemListElement":[{"@type":"ListItem","position":1,"name":"\u0413\u043b\u0430\u0432\u043d\u0430\u044f \u0441\u0442\u0440\u0430\u043d\u0438\u0446\u0430","item":"https:\/\/snite.es\/fr\/"},{"@type":"ListItem","position":2,"name":"D\u00e9sign"}]},{"@type":"WebSite","@id":"https:\/\/snite.es\/#website","url":"https:\/\/snite.es\/","name":"SNITE Investments","description":"","publisher":{"@id":"https:\/\/snite.es\/#organization"},"potentialAction":[{"@type":"SearchAction","target":{"@type":"EntryPoint","urlTemplate":"https:\/\/snite.es\/?s={search_term_string}"},"query-input":"required name=search_term_string"}],"inLanguage":"fr-FR"},{"@type":"Organization","@id":"https:\/\/snite.es\/#organization","name":"SNITE Investments","url":"https:\/\/snite.es\/","logo":{"@type":"ImageObject","inLanguage":"fr-FR","@id":"https:\/\/snite.es\/#\/schema\/logo\/image\/","url":"https:\/\/snite.es\/wp-content\/uploads\/2023\/09\/logo_snite_investments_black.jpg","contentUrl":"https:\/\/snite.es\/wp-content\/uploads\/2023\/09\/logo_snite_investments_black.jpg","width":899,"height":456,"caption":"SNITE Investments"},"image":{"@id":"https:\/\/snite.es\/#\/schema\/logo\/image\/"},"sameAs":["https:\/\/www.facebook.com\/snite.investments","https:\/\/www.instagram.com\/snite.investments\/"]}]}},"_links":{"self":[{"href":"https:\/\/snite.es\/fr\/wp-json\/wp\/v2\/pages\/457","targetHints":{"allow":["GET"]}}],"collection":[{"href":"https:\/\/snite.es\/fr\/wp-json\/wp\/v2\/pages"}],"about":[{"href":"https:\/\/snite.es\/fr\/wp-json\/wp\/v2\/types\/page"}],"author":[{"embeddable":true,"href":"https:\/\/snite.es\/fr\/wp-json\/wp\/v2\/users\/1"}],"replies":[{"embeddable":true,"href":"https:\/\/snite.es\/fr\/wp-json\/wp\/v2\/comments?post=457"}],"version-history":[{"count":4,"href":"https:\/\/snite.es\/fr\/wp-json\/wp\/v2\/pages\/457\/revisions"}],"predecessor-version":[{"id":606,"href":"https:\/\/snite.es\/fr\/wp-json\/wp\/v2\/pages\/457\/revisions\/606"}],"wp:attachment":[{"href":"https:\/\/snite.es\/fr\/wp-json\/wp\/v2\/media?parent=457"}],"curies":[{"name":"wp","href":"https:\/\/api.w.org\/{rel}","templated":true}]}}