{"id":458,"date":"2023-04-15T23:23:02","date_gmt":"2023-04-15T20:23:02","guid":{"rendered":"http:\/\/investments.olger\/investissements\/"},"modified":"2023-04-19T11:08:39","modified_gmt":"2023-04-19T08:08:39","slug":"investissements","status":"publish","type":"page","link":"https:\/\/snite.es\/fr\/investissements\/","title":{"rendered":"Investissements"},"content":{"rendered":"<p>Au cours de la derni\u00e8re d\u00e9cennie, il y a eu de nombreuses discussions sur le meilleur investissement &#8211; acheter une entreprise en Espagne ou investir dans des valeurs mobili\u00e8res.<\/p>\n\n\n\n<p>Les deux options d&rsquo;investissement ont leurs propres avantages et inconv\u00e9nients qui les rendent uniques et recherch\u00e9es \u00e0 leur mani\u00e8re. Nous proposons de profiter de la situation du march\u00e9 et de rentabiliser les investissements des entreprises.<\/p>\n\n\n\n<p>Lorsque nous parlons d&rsquo;un accompagnement juridique complet pour un investisseur de A \u00e0 Z, nous ne parlons pas seulement de travail juridique. N&rsquo;oubliez pas qu&rsquo;en Espagne, la plupart des travaux juridiques li\u00e9s \u00e0 l&rsquo;achat d&rsquo;une entreprise sont effectu\u00e9s par un agent immobilier et non par un avocat.<\/p>\n\n\n\n<p>Avoir un avocat local pr\u00e8s de chez vous n&rsquo;est pas toujours une garantie contre les \u00ab\u00a0surprises\u00a0\u00bb ou les \u00ab\u00a0complications in\u00e9vitables\u00a0\u00bb, et de nombreux acheteurs \u00e9trangers se retrouvent devant les tribunaux apr\u00e8s la transaction, m\u00eame s&rsquo;il suffisait de trouver un expert en achat d&rsquo;entreprise qualifi\u00e9 ayant des connaissances juridiques.<\/p>\n\n\n\n<p>Notre soci\u00e9t\u00e9 emploie des sp\u00e9cialistes hautement qualifi\u00e9s, o\u00f9 chacun est un professionnel dans son domaine &#8211; de l&rsquo;achat de biens immobiliers \u00e0 l&rsquo;analyse de la performance financi\u00e8re de l&rsquo;entreprise.<\/p>","protected":false},"excerpt":{"rendered":"<p>Au cours de la derni\u00e8re d\u00e9cennie, il y a eu de nombreuses discussions sur le meilleur investissement &#8211; acheter une entreprise en Espagne ou investir dans des valeurs mobili\u00e8res. Les deux options d&rsquo;investissement ont leurs propres avantages et inconv\u00e9nients qui les rendent uniques et recherch\u00e9es \u00e0 leur mani\u00e8re. Nous proposons de profiter de la situation [&hellip;]<\/p>","protected":false},"author":1,"featured_media":0,"parent":0,"menu_order":0,"comment_status":"closed","ping_status":"closed","template":"category_page.php","meta":{"inline_featured_image":false,"footnotes":""},"class_list":["post-458","page","type-page","status-publish","hentry"],"acf":[],"yoast_head":"<!-- This site is optimized with the Yoast SEO plugin v20.5 - https:\/\/yoast.com\/wordpress\/plugins\/seo\/ -->\n<title>Investissements - SNITE Investments<\/title>\n<meta name=\"robots\" content=\"index, follow, max-snippet:-1, max-image-preview:large, max-video-preview:-1\" \/>\n<link rel=\"canonical\" href=\"https:\/\/snite.es\/fr\/investissements\/\" \/>\n<meta property=\"og:locale\" content=\"fr_FR\" \/>\n<meta property=\"og:type\" content=\"article\" \/>\n<meta property=\"og:title\" content=\"Investissements - SNITE Investments\" \/>\n<meta property=\"og:description\" content=\"Au cours de la derni\u00e8re d\u00e9cennie, il y a eu de nombreuses discussions sur le meilleur investissement &#8211; acheter une entreprise en Espagne ou investir dans des valeurs mobili\u00e8res. Les deux options d&rsquo;investissement ont leurs propres avantages et inconv\u00e9nients qui les rendent uniques et recherch\u00e9es \u00e0 leur mani\u00e8re. Nous proposons de profiter de la situation [&hellip;]\" \/>\n<meta property=\"og:url\" content=\"https:\/\/snite.es\/fr\/investissements\/\" \/>\n<meta property=\"og:site_name\" content=\"SNITE Investments\" \/>\n<meta property=\"article:publisher\" content=\"https:\/\/www.facebook.com\/snite.investments\" \/>\n<meta property=\"article:modified_time\" content=\"2023-04-19T08:08:39+00:00\" \/>\n<meta name=\"twitter:card\" content=\"summary_large_image\" \/>\n<meta name=\"twitter:label1\" content=\"Dur\u00e9e de lecture estim\u00e9e\" \/>\n\t<meta name=\"twitter:data1\" content=\"2 minutes\" \/>\n<script type=\"application\/ld+json\" class=\"yoast-schema-graph\">{\"@context\":\"https:\/\/schema.org\",\"@graph\":[{\"@type\":\"WebPage\",\"@id\":\"https:\/\/snite.es\/fr\/investissements\/\",\"url\":\"https:\/\/snite.es\/fr\/investissements\/\",\"name\":\"Investissements - SNITE Investments\",\"isPartOf\":{\"@id\":\"https:\/\/snite.es\/#website\"},\"datePublished\":\"2023-04-15T20:23:02+00:00\",\"dateModified\":\"2023-04-19T08:08:39+00:00\",\"breadcrumb\":{\"@id\":\"https:\/\/snite.es\/fr\/investissements\/#breadcrumb\"},\"inLanguage\":\"fr-FR\",\"potentialAction\":[{\"@type\":\"ReadAction\",\"target\":[\"https:\/\/snite.es\/fr\/investissements\/\"]}]},{\"@type\":\"BreadcrumbList\",\"@id\":\"https:\/\/snite.es\/fr\/investissements\/#breadcrumb\",\"itemListElement\":[{\"@type\":\"ListItem\",\"position\":1,\"name\":\"\u0413\u043b\u0430\u0432\u043d\u0430\u044f \u0441\u0442\u0440\u0430\u043d\u0438\u0446\u0430\",\"item\":\"https:\/\/snite.es\/fr\/\"},{\"@type\":\"ListItem\",\"position\":2,\"name\":\"Investissements\"}]},{\"@type\":\"WebSite\",\"@id\":\"https:\/\/snite.es\/#website\",\"url\":\"https:\/\/snite.es\/\",\"name\":\"SNITE Investments\",\"description\":\"\",\"publisher\":{\"@id\":\"https:\/\/snite.es\/#organization\"},\"potentialAction\":[{\"@type\":\"SearchAction\",\"target\":{\"@type\":\"EntryPoint\",\"urlTemplate\":\"https:\/\/snite.es\/?s={search_term_string}\"},\"query-input\":\"required name=search_term_string\"}],\"inLanguage\":\"fr-FR\"},{\"@type\":\"Organization\",\"@id\":\"https:\/\/snite.es\/#organization\",\"name\":\"SNITE Investments\",\"url\":\"https:\/\/snite.es\/\",\"logo\":{\"@type\":\"ImageObject\",\"inLanguage\":\"fr-FR\",\"@id\":\"https:\/\/snite.es\/#\/schema\/logo\/image\/\",\"url\":\"https:\/\/snite.es\/wp-content\/uploads\/2023\/09\/logo_snite_investments_black.jpg\",\"contentUrl\":\"https:\/\/snite.es\/wp-content\/uploads\/2023\/09\/logo_snite_investments_black.jpg\",\"width\":899,\"height\":456,\"caption\":\"SNITE Investments\"},\"image\":{\"@id\":\"https:\/\/snite.es\/#\/schema\/logo\/image\/\"},\"sameAs\":[\"https:\/\/www.facebook.com\/snite.investments\",\"https:\/\/www.instagram.com\/snite.investments\/\"]}]}<\/script>\n<!-- \/ Yoast SEO plugin. -->","yoast_head_json":{"title":"Investissements - SNITE Investments","robots":{"index":"index","follow":"follow","max-snippet":"max-snippet:-1","max-image-preview":"max-image-preview:large","max-video-preview":"max-video-preview:-1"},"canonical":"https:\/\/snite.es\/fr\/investissements\/","og_locale":"fr_FR","og_type":"article","og_title":"Investissements - SNITE Investments","og_description":"Au cours de la derni\u00e8re d\u00e9cennie, il y a eu de nombreuses discussions sur le meilleur investissement &#8211; acheter une entreprise en Espagne ou investir dans des valeurs mobili\u00e8res. Les deux options d&rsquo;investissement ont leurs propres avantages et inconv\u00e9nients qui les rendent uniques et recherch\u00e9es \u00e0 leur mani\u00e8re. Nous proposons de profiter de la situation [&hellip;]","og_url":"https:\/\/snite.es\/fr\/investissements\/","og_site_name":"SNITE Investments","article_publisher":"https:\/\/www.facebook.com\/snite.investments","article_modified_time":"2023-04-19T08:08:39+00:00","twitter_card":"summary_large_image","twitter_misc":{"Dur\u00e9e de lecture estim\u00e9e":"2 minutes"},"schema":{"@context":"https:\/\/schema.org","@graph":[{"@type":"WebPage","@id":"https:\/\/snite.es\/fr\/investissements\/","url":"https:\/\/snite.es\/fr\/investissements\/","name":"Investissements - SNITE Investments","isPartOf":{"@id":"https:\/\/snite.es\/#website"},"datePublished":"2023-04-15T20:23:02+00:00","dateModified":"2023-04-19T08:08:39+00:00","breadcrumb":{"@id":"https:\/\/snite.es\/fr\/investissements\/#breadcrumb"},"inLanguage":"fr-FR","potentialAction":[{"@type":"ReadAction","target":["https:\/\/snite.es\/fr\/investissements\/"]}]},{"@type":"BreadcrumbList","@id":"https:\/\/snite.es\/fr\/investissements\/#breadcrumb","itemListElement":[{"@type":"ListItem","position":1,"name":"\u0413\u043b\u0430\u0432\u043d\u0430\u044f \u0441\u0442\u0440\u0430\u043d\u0438\u0446\u0430","item":"https:\/\/snite.es\/fr\/"},{"@type":"ListItem","position":2,"name":"Investissements"}]},{"@type":"WebSite","@id":"https:\/\/snite.es\/#website","url":"https:\/\/snite.es\/","name":"SNITE Investments","description":"","publisher":{"@id":"https:\/\/snite.es\/#organization"},"potentialAction":[{"@type":"SearchAction","target":{"@type":"EntryPoint","urlTemplate":"https:\/\/snite.es\/?s={search_term_string}"},"query-input":"required name=search_term_string"}],"inLanguage":"fr-FR"},{"@type":"Organization","@id":"https:\/\/snite.es\/#organization","name":"SNITE Investments","url":"https:\/\/snite.es\/","logo":{"@type":"ImageObject","inLanguage":"fr-FR","@id":"https:\/\/snite.es\/#\/schema\/logo\/image\/","url":"https:\/\/snite.es\/wp-content\/uploads\/2023\/09\/logo_snite_investments_black.jpg","contentUrl":"https:\/\/snite.es\/wp-content\/uploads\/2023\/09\/logo_snite_investments_black.jpg","width":899,"height":456,"caption":"SNITE Investments"},"image":{"@id":"https:\/\/snite.es\/#\/schema\/logo\/image\/"},"sameAs":["https:\/\/www.facebook.com\/snite.investments","https:\/\/www.instagram.com\/snite.investments\/"]}]}},"_links":{"self":[{"href":"https:\/\/snite.es\/fr\/wp-json\/wp\/v2\/pages\/458","targetHints":{"allow":["GET"]}}],"collection":[{"href":"https:\/\/snite.es\/fr\/wp-json\/wp\/v2\/pages"}],"about":[{"href":"https:\/\/snite.es\/fr\/wp-json\/wp\/v2\/types\/page"}],"author":[{"embeddable":true,"href":"https:\/\/snite.es\/fr\/wp-json\/wp\/v2\/users\/1"}],"replies":[{"embeddable":true,"href":"https:\/\/snite.es\/fr\/wp-json\/wp\/v2\/comments?post=458"}],"version-history":[{"count":3,"href":"https:\/\/snite.es\/fr\/wp-json\/wp\/v2\/pages\/458\/revisions"}],"predecessor-version":[{"id":596,"href":"https:\/\/snite.es\/fr\/wp-json\/wp\/v2\/pages\/458\/revisions\/596"}],"wp:attachment":[{"href":"https:\/\/snite.es\/fr\/wp-json\/wp\/v2\/media?parent=458"}],"curies":[{"name":"wp","href":"https:\/\/api.w.org\/{rel}","templated":true}]}}