{"id":459,"date":"2023-04-15T23:27:46","date_gmt":"2023-04-15T20:27:46","guid":{"rendered":"http:\/\/investments.olger\/amenagement-paysager\/"},"modified":"2023-04-19T17:25:13","modified_gmt":"2023-04-19T14:25:13","slug":"amenagement-paysager","status":"publish","type":"page","link":"https:\/\/snite.es\/fr\/amenagement-paysager\/","title":{"rendered":"Am\u00e9nagement paysager"},"content":{"rendered":"<p>Nous offrons une gamme compl\u00e8te de services pour cr\u00e9er et entretenir des paysages beaux et fonctionnels. Notre \u00e9quipe de paysagistes professionnels vous aidera \u00e0 cr\u00e9er un design unique et personnalis\u00e9 pour votre propri\u00e9t\u00e9. Services de conception, cr\u00e9ation de plans paysagers, s\u00e9lection et placement de plantes et autres \u00e9l\u00e9ments de conception paysag\u00e8re.<\/p>\n\n\n\n<p>Nos sp\u00e9cialistes ont une vaste exp\u00e9rience et des connaissances dans le domaine de la conception des plantes et de la terre. Nous prenons en compte les particularit\u00e9s du climat, du sol et du terrain pour cr\u00e9er le meilleur r\u00e9sultat. Nous apportons une approche individuelle \u00e0 chaque projet et travaillons en \u00e9troite collaboration avec le client. Nous offrons des services pour le soin et l&rsquo;entretien des paysages, y compris l&rsquo;arrosage, l&rsquo;\u00e9lagage des plantes et d&rsquo;autres types de travaux. Notre entreprise utilise uniquement des mat\u00e9riaux de haute qualit\u00e9 et respectueux de l&rsquo;environnement pour cr\u00e9er des paysages.<\/p>\n\n\n\n<p>Nous fournissons \u00e9galement des services pour la cr\u00e9ation d&rsquo;\u00e9l\u00e9ments d\u00e9coratifs, tels que des cascades, des bassins, des fontaines, des lacs artificiels, etc. Nous garantissons la qualit\u00e9 de nos services et faisons de notre mieux pour que le client soit satisfait du r\u00e9sultat. Si vous cherchez une entreprise fiable pour cr\u00e9er un beau paysage, contactez-nous &#8211; nous serons heureux de vous aider \u00e0 donner vie \u00e0 vos id\u00e9es !<\/p>","protected":false},"excerpt":{"rendered":"<p>Nous offrons une gamme compl\u00e8te de services pour cr\u00e9er et entretenir des paysages beaux et fonctionnels. Notre \u00e9quipe de paysagistes professionnels vous aidera \u00e0 cr\u00e9er un design unique et personnalis\u00e9 pour votre propri\u00e9t\u00e9. Services de conception, cr\u00e9ation de plans paysagers, s\u00e9lection et placement de plantes et autres \u00e9l\u00e9ments de conception paysag\u00e8re. Nos sp\u00e9cialistes ont une [&hellip;]<\/p>","protected":false},"author":1,"featured_media":0,"parent":0,"menu_order":0,"comment_status":"closed","ping_status":"closed","template":"category_page.php","meta":{"inline_featured_image":false,"footnotes":""},"class_list":["post-459","page","type-page","status-publish","hentry"],"acf":[],"yoast_head":"<!-- This site is optimized with the Yoast SEO plugin v20.5 - https:\/\/yoast.com\/wordpress\/plugins\/seo\/ -->\n<title>Am\u00e9nagement paysager - SNITE Investments<\/title>\n<meta name=\"robots\" content=\"index, follow, max-snippet:-1, max-image-preview:large, max-video-preview:-1\" \/>\n<link rel=\"canonical\" href=\"https:\/\/snite.es\/fr\/amenagement-paysager\/\" \/>\n<meta property=\"og:locale\" content=\"fr_FR\" \/>\n<meta property=\"og:type\" content=\"article\" \/>\n<meta property=\"og:title\" content=\"Am\u00e9nagement paysager - SNITE Investments\" \/>\n<meta property=\"og:description\" content=\"Nous offrons une gamme compl\u00e8te de services pour cr\u00e9er et entretenir des paysages beaux et fonctionnels. Notre \u00e9quipe de paysagistes professionnels vous aidera \u00e0 cr\u00e9er un design unique et personnalis\u00e9 pour votre propri\u00e9t\u00e9. Services de conception, cr\u00e9ation de plans paysagers, s\u00e9lection et placement de plantes et autres \u00e9l\u00e9ments de conception paysag\u00e8re. Nos sp\u00e9cialistes ont une [&hellip;]\" \/>\n<meta property=\"og:url\" content=\"https:\/\/snite.es\/fr\/amenagement-paysager\/\" \/>\n<meta property=\"og:site_name\" content=\"SNITE Investments\" \/>\n<meta property=\"article:publisher\" content=\"https:\/\/www.facebook.com\/snite.investments\" \/>\n<meta property=\"article:modified_time\" content=\"2023-04-19T14:25:13+00:00\" \/>\n<meta name=\"twitter:card\" content=\"summary_large_image\" \/>\n<meta name=\"twitter:label1\" content=\"Dur\u00e9e de lecture estim\u00e9e\" \/>\n\t<meta name=\"twitter:data1\" content=\"2 minutes\" \/>\n<script type=\"application\/ld+json\" class=\"yoast-schema-graph\">{\"@context\":\"https:\/\/schema.org\",\"@graph\":[{\"@type\":\"WebPage\",\"@id\":\"https:\/\/snite.es\/fr\/amenagement-paysager\/\",\"url\":\"https:\/\/snite.es\/fr\/amenagement-paysager\/\",\"name\":\"Am\u00e9nagement paysager - SNITE Investments\",\"isPartOf\":{\"@id\":\"https:\/\/snite.es\/#website\"},\"datePublished\":\"2023-04-15T20:27:46+00:00\",\"dateModified\":\"2023-04-19T14:25:13+00:00\",\"breadcrumb\":{\"@id\":\"https:\/\/snite.es\/fr\/amenagement-paysager\/#breadcrumb\"},\"inLanguage\":\"fr-FR\",\"potentialAction\":[{\"@type\":\"ReadAction\",\"target\":[\"https:\/\/snite.es\/fr\/amenagement-paysager\/\"]}]},{\"@type\":\"BreadcrumbList\",\"@id\":\"https:\/\/snite.es\/fr\/amenagement-paysager\/#breadcrumb\",\"itemListElement\":[{\"@type\":\"ListItem\",\"position\":1,\"name\":\"\u0413\u043b\u0430\u0432\u043d\u0430\u044f \u0441\u0442\u0440\u0430\u043d\u0438\u0446\u0430\",\"item\":\"https:\/\/snite.es\/fr\/\"},{\"@type\":\"ListItem\",\"position\":2,\"name\":\"Am\u00e9nagement paysager\"}]},{\"@type\":\"WebSite\",\"@id\":\"https:\/\/snite.es\/#website\",\"url\":\"https:\/\/snite.es\/\",\"name\":\"SNITE Investments\",\"description\":\"\",\"publisher\":{\"@id\":\"https:\/\/snite.es\/#organization\"},\"potentialAction\":[{\"@type\":\"SearchAction\",\"target\":{\"@type\":\"EntryPoint\",\"urlTemplate\":\"https:\/\/snite.es\/?s={search_term_string}\"},\"query-input\":\"required name=search_term_string\"}],\"inLanguage\":\"fr-FR\"},{\"@type\":\"Organization\",\"@id\":\"https:\/\/snite.es\/#organization\",\"name\":\"SNITE Investments\",\"url\":\"https:\/\/snite.es\/\",\"logo\":{\"@type\":\"ImageObject\",\"inLanguage\":\"fr-FR\",\"@id\":\"https:\/\/snite.es\/#\/schema\/logo\/image\/\",\"url\":\"https:\/\/snite.es\/wp-content\/uploads\/2023\/09\/logo_snite_investments_black.jpg\",\"contentUrl\":\"https:\/\/snite.es\/wp-content\/uploads\/2023\/09\/logo_snite_investments_black.jpg\",\"width\":899,\"height\":456,\"caption\":\"SNITE Investments\"},\"image\":{\"@id\":\"https:\/\/snite.es\/#\/schema\/logo\/image\/\"},\"sameAs\":[\"https:\/\/www.facebook.com\/snite.investments\",\"https:\/\/www.instagram.com\/snite.investments\/\"]}]}<\/script>\n<!-- \/ Yoast SEO plugin. -->","yoast_head_json":{"title":"Am\u00e9nagement paysager - SNITE Investments","robots":{"index":"index","follow":"follow","max-snippet":"max-snippet:-1","max-image-preview":"max-image-preview:large","max-video-preview":"max-video-preview:-1"},"canonical":"https:\/\/snite.es\/fr\/amenagement-paysager\/","og_locale":"fr_FR","og_type":"article","og_title":"Am\u00e9nagement paysager - SNITE Investments","og_description":"Nous offrons une gamme compl\u00e8te de services pour cr\u00e9er et entretenir des paysages beaux et fonctionnels. Notre \u00e9quipe de paysagistes professionnels vous aidera \u00e0 cr\u00e9er un design unique et personnalis\u00e9 pour votre propri\u00e9t\u00e9. Services de conception, cr\u00e9ation de plans paysagers, s\u00e9lection et placement de plantes et autres \u00e9l\u00e9ments de conception paysag\u00e8re. Nos sp\u00e9cialistes ont une [&hellip;]","og_url":"https:\/\/snite.es\/fr\/amenagement-paysager\/","og_site_name":"SNITE Investments","article_publisher":"https:\/\/www.facebook.com\/snite.investments","article_modified_time":"2023-04-19T14:25:13+00:00","twitter_card":"summary_large_image","twitter_misc":{"Dur\u00e9e de lecture estim\u00e9e":"2 minutes"},"schema":{"@context":"https:\/\/schema.org","@graph":[{"@type":"WebPage","@id":"https:\/\/snite.es\/fr\/amenagement-paysager\/","url":"https:\/\/snite.es\/fr\/amenagement-paysager\/","name":"Am\u00e9nagement paysager - SNITE Investments","isPartOf":{"@id":"https:\/\/snite.es\/#website"},"datePublished":"2023-04-15T20:27:46+00:00","dateModified":"2023-04-19T14:25:13+00:00","breadcrumb":{"@id":"https:\/\/snite.es\/fr\/amenagement-paysager\/#breadcrumb"},"inLanguage":"fr-FR","potentialAction":[{"@type":"ReadAction","target":["https:\/\/snite.es\/fr\/amenagement-paysager\/"]}]},{"@type":"BreadcrumbList","@id":"https:\/\/snite.es\/fr\/amenagement-paysager\/#breadcrumb","itemListElement":[{"@type":"ListItem","position":1,"name":"\u0413\u043b\u0430\u0432\u043d\u0430\u044f \u0441\u0442\u0440\u0430\u043d\u0438\u0446\u0430","item":"https:\/\/snite.es\/fr\/"},{"@type":"ListItem","position":2,"name":"Am\u00e9nagement paysager"}]},{"@type":"WebSite","@id":"https:\/\/snite.es\/#website","url":"https:\/\/snite.es\/","name":"SNITE Investments","description":"","publisher":{"@id":"https:\/\/snite.es\/#organization"},"potentialAction":[{"@type":"SearchAction","target":{"@type":"EntryPoint","urlTemplate":"https:\/\/snite.es\/?s={search_term_string}"},"query-input":"required name=search_term_string"}],"inLanguage":"fr-FR"},{"@type":"Organization","@id":"https:\/\/snite.es\/#organization","name":"SNITE Investments","url":"https:\/\/snite.es\/","logo":{"@type":"ImageObject","inLanguage":"fr-FR","@id":"https:\/\/snite.es\/#\/schema\/logo\/image\/","url":"https:\/\/snite.es\/wp-content\/uploads\/2023\/09\/logo_snite_investments_black.jpg","contentUrl":"https:\/\/snite.es\/wp-content\/uploads\/2023\/09\/logo_snite_investments_black.jpg","width":899,"height":456,"caption":"SNITE Investments"},"image":{"@id":"https:\/\/snite.es\/#\/schema\/logo\/image\/"},"sameAs":["https:\/\/www.facebook.com\/snite.investments","https:\/\/www.instagram.com\/snite.investments\/"]}]}},"_links":{"self":[{"href":"https:\/\/snite.es\/fr\/wp-json\/wp\/v2\/pages\/459","targetHints":{"allow":["GET"]}}],"collection":[{"href":"https:\/\/snite.es\/fr\/wp-json\/wp\/v2\/pages"}],"about":[{"href":"https:\/\/snite.es\/fr\/wp-json\/wp\/v2\/types\/page"}],"author":[{"embeddable":true,"href":"https:\/\/snite.es\/fr\/wp-json\/wp\/v2\/users\/1"}],"replies":[{"embeddable":true,"href":"https:\/\/snite.es\/fr\/wp-json\/wp\/v2\/comments?post=459"}],"version-history":[{"count":3,"href":"https:\/\/snite.es\/fr\/wp-json\/wp\/v2\/pages\/459\/revisions"}],"predecessor-version":[{"id":889,"href":"https:\/\/snite.es\/fr\/wp-json\/wp\/v2\/pages\/459\/revisions\/889"}],"wp:attachment":[{"href":"https:\/\/snite.es\/fr\/wp-json\/wp\/v2\/media?parent=459"}],"curies":[{"name":"wp","href":"https:\/\/api.w.org\/{rel}","templated":true}]}}