{"id":466,"date":"2023-04-17T12:35:01","date_gmt":"2023-04-17T09:35:01","guid":{"rendered":"http:\/\/investments.olger\/politique-de-confidentialite\/"},"modified":"2023-06-22T16:25:08","modified_gmt":"2023-06-22T13:25:08","slug":"politique-de-confidentialite","status":"publish","type":"page","link":"https:\/\/snite.es\/fr\/politique-de-confidentialite\/","title":{"rendered":"Politique de confidentialit\u00e9"},"content":{"rendered":"<p>Ceci est la politique de cookies, la politique de confidentialit\u00e9 et l&rsquo;accord de traitement des donn\u00e9es personnelles de SNITE INVESTMENT S.L. et le site snite.es<\/p>\n\n\n\n<p>Droits des parties<\/p>\n\n\n\n<p>Veuillez lire attentivement l&rsquo;accord avant d&rsquo;utiliser le site Web. En utilisant le site Web, vous acceptez automatiquement les conditions ci-dessous et \u00eates li\u00e9 par les conditions du pr\u00e9sent accord. Si vous n&rsquo;\u00eates pas d&rsquo;accord avec les conditions d&rsquo;utilisation, veuillez ne pas utiliser le site Web et ne visitez pas les pages h\u00e9berg\u00e9es dans la zone de domaine du site Web.<\/p>\n\n\n\n<p>L&rsquo;accord et les r\u00e8gles d&rsquo;utilisation du site Web sont \u00e9labor\u00e9s et adopt\u00e9s par SNITE INVESTMENT S.L. afin de prot\u00e9ger les droits et int\u00e9r\u00eats l\u00e9galement prot\u00e9g\u00e9s de SNITE INVESTMENT S.L. et de tiers dans la fourniture de services de publicit\u00e9 en ligne.<\/p>\n\n\n\n<p>En adh\u00e9rant \u00e0 cet accord et en laissant vos donn\u00e9es dans les formulaires \u00e0 remplir sur le site Web snite.es, vous&nbsp;:<\/p>\n\n\n\n<p>confirmer que toutes les donn\u00e9es sp\u00e9cifi\u00e9es vous appartiennent personnellement&nbsp;;<\/p>\n\n\n\n<p>confirmez et reconnaissez que vous avez soigneusement \u00e9tudi\u00e9 l&rsquo;Accord et les conditions de traitement des donn\u00e9es personnelles que vous laissez dans les champs du formulaire&nbsp;;<\/p>\n\n\n\n<p>consentir au traitement des donn\u00e9es personnelles sur le site snite.es ;<\/p>\n\n\n\n<p>accepter les conditions de traitement des donn\u00e9es personnelles.<\/p>\n\n\n\n<p>Le but du traitement des donn\u00e9es personnelles est de vous fournir les services d\u00e9crits sur le site.<\/p>\n\n\n\n<p>Quelles informations collectons-nous<\/p>\n\n\n\n<p>Nous recueillons des informations vous concernant lorsque vous visitez le site Web, y compris des informations sur votre navigation et vos interactions sur le site Web. Nous recueillons \u00e9galement des informations qui nous permettent d&rsquo;identifier les navigateurs et les appareils avec lesquels vous avez d\u00e9j\u00e0 interagi.<\/p>\n\n\n\n<p>Informations que nous recueillons \u00e0 votre sujet&nbsp;: type de navigateur Internet, langue du navigateur et syst\u00e8me d&rsquo;exploitation que vous utilisez&nbsp;; Adresse IP de votre appareil&nbsp;; date et heure d&rsquo;acc\u00e8s&nbsp;; type de connexion (filaire ou Wi-Fi); la r\u00e9gion dans laquelle se trouve votre appareil&nbsp;; r\u00e9solution d&rsquo;\u00e9cran de votre appareil&nbsp;; le site Web que vous avez visit\u00e9 pr\u00e9c\u00e9demment.<\/p>\n\n\n\n<p>Nous collectons \u00e9galement des informations personnelles telles que : votre nom, adresse, num\u00e9ro de t\u00e9l\u00e9phone, adresse e-mail &#8211; uniquement si vous choisissez de nous les fournir en remplissant un formulaire de contact ou en vous inscrivant sur le site.<\/p>\n\n\n\n<p>En laissant ces informations, vous acceptez que les employ\u00e9s de SNITE INVESTMENT S.L. vous contactera pour r\u00e9pondre \u00e0 vos questions (pour des conseils sur les services) et comme autrement autoris\u00e9 par le pr\u00e9sent accord. Vous pouvez \u00e9galement fournir des informations personnelles telles que votre nom et votre adresse e-mail pour vous abonner \u00e0 notre newsletter par e-mail.<\/p>\n\n\n\n<p>Que faisons-nous des informations que nous recueillons<\/p>\n\n\n\n<p>La collecte, la syst\u00e9matisation, l&rsquo;accumulation, le stockage, la clarification (mise \u00e0 jour, modification), l&rsquo;utilisation, la d\u00e9personnalisation, le transfert \u00e0 des tiers aux fins indiqu\u00e9es ci-dessous, ainsi que la mise en \u0153uvre de toute autre action, manuelle et automatis\u00e9e, est ce que l&rsquo;entreprise fait avec les informations re\u00e7ues. Nous maintenons la confidentialit\u00e9 des informations de l&rsquo;utilisateur, sauf dans les cas o\u00f9 l&rsquo;utilisateur fournit volontairement des informations sur lui-m\u00eame pour l&rsquo;acc\u00e8s par des tiers. Vos informations sont \u00e9galement stock\u00e9es dans le syst\u00e8me CRM pour les enregistrements internes si vous postulez pour devenir un partenaire commercial ou un client.<\/p>\n\n\n\n<p>Nous avons besoin de ces informations pour comprendre vos besoins et vous fournir des informations suppl\u00e9mentaires sur les produits et services que vous avez demand\u00e9s.<\/p>\n\n\n\n<p>Nous pouvons utiliser ces informations pour am\u00e9liorer nos produits et services. Nous utilisons \u00e9galement vos informations pour analyser votre interaction avec notre site et ses performances, telles que le temps que les visiteurs passent sur le site Web, pour nos activit\u00e9s de recherche et pour collecter des informations d\u00e9mographiques sur notre base d&rsquo;utilisateurs.<\/p>\n\n\n\n<p>Nous pouvons envoyer p\u00e9riodiquement des e-mails promotionnels sur de nouveaux produits, des offres sp\u00e9ciales ou d&rsquo;autres informations susceptibles de vous int\u00e9resser \u00e0 l&rsquo;adresse e-mail que vous avez fournie. De temps \u00e0 autre, nous pouvons \u00e9galement utiliser vos informations pour vous contacter \u00e0 des fins d&rsquo;\u00e9tudes de march\u00e9.<\/p>\n\n\n\n<p>La Soci\u00e9t\u00e9 a le droit de transf\u00e9rer vos informations \u00e0 des tiers dans les cas suivants :<\/p>\n\n\n\n<p>Vous exprimez votre consentement \u00e0 de telles actions.<\/p>\n\n\n\n<p>Le transfert est n\u00e9cessaire dans le cadre de la fourniture des services par la soci\u00e9t\u00e9 \u00e0 l&rsquo;utilisateur. Nous divulguons vos informations \u00e0 des tiers qui fournissent des services en notre nom. Par exemple, les sous-traitants qui publient le contenu de nos clients sur des plateformes marketing.<\/p>\n\n\n\n<p>Nous sommes \u00e9galement tenus de divulguer vos informations dans le cadre de demandes \u00e9manant d&rsquo;autorit\u00e9s locales, \u00e9tatiques ou charg\u00e9es de l&rsquo;application de la loi&nbsp;; dans le cadre de proc\u00e9dures ou ordonnances judiciaires, administratives ou similaires, citations \u00e0 compara\u00eetre&nbsp;; pour enqu\u00eater sur des soup\u00e7ons de fraude, de harc\u00e8lement, de menaces physiques ou d&rsquo;autres violations de la loi, des r\u00e8gles ou d&rsquo;autres r\u00e9glementations.<\/p>\n\n\n\n<p>Dans la mesure permise par la loi, nous pouvons collecter des informations qui ne sont pas des informations personnellement identifiables, telles que des donn\u00e9es agr\u00e9g\u00e9es et d&rsquo;autres informations agr\u00e9g\u00e9es, y compris des informations sur les pages consult\u00e9es, l&rsquo;utilisation et les interactions du site Web, et des informations anonymis\u00e9es. Nous nous r\u00e9servons le droit d&rsquo;utiliser et de divulguer des informations non personnelles de toute mani\u00e8re autoris\u00e9e par la loi. Nous pouvons utiliser ces informations pour personnaliser le site Web en fonction de vos int\u00e9r\u00eats.<\/p>\n\n\n\n<p>Protection des informations personnelles<\/p>\n\n\n\n<p>Nous prenons les mesures organisationnelles et techniques n\u00e9cessaires et suffisantes pour prot\u00e9ger les informations des utilisateurs contre l&rsquo;acc\u00e8s non autoris\u00e9 ou accidentel, la destruction, la modification, le blocage, la copie, la distribution, ainsi que contre d&rsquo;autres actions ill\u00e9gales de tiers.<\/p>\n\n\n\n<p>Nous ne partageons pas vos informations personnelles avec des tiers ou des commer\u00e7ants sans votre consentement.<\/p>\n\n\n\n<p>Si vous pensez que l&rsquo;une des informations que nous d\u00e9tenons \u00e0 votre sujet est incorrecte ou incompl\u00e8te, veuillez nous envoyer un e-mail ou un e-mail d\u00e8s que possible. Nous corrigerons rapidement toute information jug\u00e9e incorrecte. Nous acceptons les notifications \u00e0 l&rsquo;adresse e-mail info@snite.es, ou \u00e0 l&rsquo;adresse : Espagne, 08021, Barcelone, C\/d&rsquo;Aribau, 225\/2. Si vous souhaitez obtenir une copie des informations que nous d\u00e9tenons, veuillez nous envoyer une lettre ou un e-mail.<\/p>","protected":false},"excerpt":{"rendered":"<p>Ceci est la politique de cookies, la politique de confidentialit\u00e9 et l&rsquo;accord de traitement des donn\u00e9es personnelles de SNITE INVESTMENT S.L. et le site snite.es Droits des parties Veuillez lire attentivement l&rsquo;accord avant d&rsquo;utiliser le site Web. En utilisant le site Web, vous acceptez automatiquement les conditions ci-dessous et \u00eates li\u00e9 par les conditions du [&hellip;]<\/p>","protected":false},"author":1,"featured_media":0,"parent":0,"menu_order":0,"comment_status":"closed","ping_status":"closed","template":"info_page.php","meta":{"inline_featured_image":false,"footnotes":""},"class_list":["post-466","page","type-page","status-publish","hentry"],"acf":[],"yoast_head":"<!-- This site is optimized with the Yoast SEO plugin v20.5 - https:\/\/yoast.com\/wordpress\/plugins\/seo\/ -->\n<title>Politique de confidentialit\u00e9 - SNITE Investments<\/title>\n<meta name=\"robots\" content=\"index, follow, max-snippet:-1, max-image-preview:large, max-video-preview:-1\" \/>\n<link rel=\"canonical\" href=\"https:\/\/snite.es\/fr\/politique-de-confidentialite\/\" \/>\n<meta property=\"og:locale\" content=\"fr_FR\" \/>\n<meta property=\"og:type\" content=\"article\" \/>\n<meta property=\"og:title\" content=\"Politique de confidentialit\u00e9 - SNITE Investments\" \/>\n<meta property=\"og:description\" content=\"Ceci est la politique de cookies, la politique de confidentialit\u00e9 et l&rsquo;accord de traitement des donn\u00e9es personnelles de SNITE INVESTMENT S.L. et le site snite.es Droits des parties Veuillez lire attentivement l&rsquo;accord avant d&rsquo;utiliser le site Web. En utilisant le site Web, vous acceptez automatiquement les conditions ci-dessous et \u00eates li\u00e9 par les conditions du [&hellip;]\" \/>\n<meta property=\"og:url\" content=\"https:\/\/snite.es\/fr\/politique-de-confidentialite\/\" \/>\n<meta property=\"og:site_name\" content=\"SNITE Investments\" \/>\n<meta property=\"article:publisher\" content=\"https:\/\/www.facebook.com\/snite.investments\" \/>\n<meta property=\"article:modified_time\" content=\"2023-06-22T13:25:08+00:00\" \/>\n<meta name=\"twitter:card\" content=\"summary_large_image\" \/>\n<meta name=\"twitter:label1\" content=\"Dur\u00e9e de lecture estim\u00e9e\" \/>\n\t<meta name=\"twitter:data1\" content=\"6 minutes\" \/>\n<script type=\"application\/ld+json\" class=\"yoast-schema-graph\">{\"@context\":\"https:\/\/schema.org\",\"@graph\":[{\"@type\":\"WebPage\",\"@id\":\"https:\/\/snite.es\/fr\/politique-de-confidentialite\/\",\"url\":\"https:\/\/snite.es\/fr\/politique-de-confidentialite\/\",\"name\":\"Politique de confidentialit\u00e9 - SNITE Investments\",\"isPartOf\":{\"@id\":\"https:\/\/snite.es\/#website\"},\"datePublished\":\"2023-04-17T09:35:01+00:00\",\"dateModified\":\"2023-06-22T13:25:08+00:00\",\"breadcrumb\":{\"@id\":\"https:\/\/snite.es\/fr\/politique-de-confidentialite\/#breadcrumb\"},\"inLanguage\":\"fr-FR\",\"potentialAction\":[{\"@type\":\"ReadAction\",\"target\":[\"https:\/\/snite.es\/fr\/politique-de-confidentialite\/\"]}]},{\"@type\":\"BreadcrumbList\",\"@id\":\"https:\/\/snite.es\/fr\/politique-de-confidentialite\/#breadcrumb\",\"itemListElement\":[{\"@type\":\"ListItem\",\"position\":1,\"name\":\"\u0413\u043b\u0430\u0432\u043d\u0430\u044f \u0441\u0442\u0440\u0430\u043d\u0438\u0446\u0430\",\"item\":\"https:\/\/snite.es\/fr\/\"},{\"@type\":\"ListItem\",\"position\":2,\"name\":\"Politique de confidentialit\u00e9\"}]},{\"@type\":\"WebSite\",\"@id\":\"https:\/\/snite.es\/#website\",\"url\":\"https:\/\/snite.es\/\",\"name\":\"SNITE Investments\",\"description\":\"\",\"publisher\":{\"@id\":\"https:\/\/snite.es\/#organization\"},\"potentialAction\":[{\"@type\":\"SearchAction\",\"target\":{\"@type\":\"EntryPoint\",\"urlTemplate\":\"https:\/\/snite.es\/?s={search_term_string}\"},\"query-input\":\"required name=search_term_string\"}],\"inLanguage\":\"fr-FR\"},{\"@type\":\"Organization\",\"@id\":\"https:\/\/snite.es\/#organization\",\"name\":\"SNITE Investments\",\"url\":\"https:\/\/snite.es\/\",\"logo\":{\"@type\":\"ImageObject\",\"inLanguage\":\"fr-FR\",\"@id\":\"https:\/\/snite.es\/#\/schema\/logo\/image\/\",\"url\":\"https:\/\/snite.es\/wp-content\/uploads\/2023\/09\/logo_snite_investments_black.jpg\",\"contentUrl\":\"https:\/\/snite.es\/wp-content\/uploads\/2023\/09\/logo_snite_investments_black.jpg\",\"width\":899,\"height\":456,\"caption\":\"SNITE Investments\"},\"image\":{\"@id\":\"https:\/\/snite.es\/#\/schema\/logo\/image\/\"},\"sameAs\":[\"https:\/\/www.facebook.com\/snite.investments\",\"https:\/\/www.instagram.com\/snite.investments\/\"]}]}<\/script>\n<!-- \/ Yoast SEO plugin. -->","yoast_head_json":{"title":"Politique de confidentialit\u00e9 - SNITE Investments","robots":{"index":"index","follow":"follow","max-snippet":"max-snippet:-1","max-image-preview":"max-image-preview:large","max-video-preview":"max-video-preview:-1"},"canonical":"https:\/\/snite.es\/fr\/politique-de-confidentialite\/","og_locale":"fr_FR","og_type":"article","og_title":"Politique de confidentialit\u00e9 - SNITE Investments","og_description":"Ceci est la politique de cookies, la politique de confidentialit\u00e9 et l&rsquo;accord de traitement des donn\u00e9es personnelles de SNITE INVESTMENT S.L. et le site snite.es Droits des parties Veuillez lire attentivement l&rsquo;accord avant d&rsquo;utiliser le site Web. En utilisant le site Web, vous acceptez automatiquement les conditions ci-dessous et \u00eates li\u00e9 par les conditions du [&hellip;]","og_url":"https:\/\/snite.es\/fr\/politique-de-confidentialite\/","og_site_name":"SNITE Investments","article_publisher":"https:\/\/www.facebook.com\/snite.investments","article_modified_time":"2023-06-22T13:25:08+00:00","twitter_card":"summary_large_image","twitter_misc":{"Dur\u00e9e de lecture estim\u00e9e":"6 minutes"},"schema":{"@context":"https:\/\/schema.org","@graph":[{"@type":"WebPage","@id":"https:\/\/snite.es\/fr\/politique-de-confidentialite\/","url":"https:\/\/snite.es\/fr\/politique-de-confidentialite\/","name":"Politique de confidentialit\u00e9 - SNITE Investments","isPartOf":{"@id":"https:\/\/snite.es\/#website"},"datePublished":"2023-04-17T09:35:01+00:00","dateModified":"2023-06-22T13:25:08+00:00","breadcrumb":{"@id":"https:\/\/snite.es\/fr\/politique-de-confidentialite\/#breadcrumb"},"inLanguage":"fr-FR","potentialAction":[{"@type":"ReadAction","target":["https:\/\/snite.es\/fr\/politique-de-confidentialite\/"]}]},{"@type":"BreadcrumbList","@id":"https:\/\/snite.es\/fr\/politique-de-confidentialite\/#breadcrumb","itemListElement":[{"@type":"ListItem","position":1,"name":"\u0413\u043b\u0430\u0432\u043d\u0430\u044f \u0441\u0442\u0440\u0430\u043d\u0438\u0446\u0430","item":"https:\/\/snite.es\/fr\/"},{"@type":"ListItem","position":2,"name":"Politique de confidentialit\u00e9"}]},{"@type":"WebSite","@id":"https:\/\/snite.es\/#website","url":"https:\/\/snite.es\/","name":"SNITE Investments","description":"","publisher":{"@id":"https:\/\/snite.es\/#organization"},"potentialAction":[{"@type":"SearchAction","target":{"@type":"EntryPoint","urlTemplate":"https:\/\/snite.es\/?s={search_term_string}"},"query-input":"required name=search_term_string"}],"inLanguage":"fr-FR"},{"@type":"Organization","@id":"https:\/\/snite.es\/#organization","name":"SNITE Investments","url":"https:\/\/snite.es\/","logo":{"@type":"ImageObject","inLanguage":"fr-FR","@id":"https:\/\/snite.es\/#\/schema\/logo\/image\/","url":"https:\/\/snite.es\/wp-content\/uploads\/2023\/09\/logo_snite_investments_black.jpg","contentUrl":"https:\/\/snite.es\/wp-content\/uploads\/2023\/09\/logo_snite_investments_black.jpg","width":899,"height":456,"caption":"SNITE Investments"},"image":{"@id":"https:\/\/snite.es\/#\/schema\/logo\/image\/"},"sameAs":["https:\/\/www.facebook.com\/snite.investments","https:\/\/www.instagram.com\/snite.investments\/"]}]}},"_links":{"self":[{"href":"https:\/\/snite.es\/fr\/wp-json\/wp\/v2\/pages\/466","targetHints":{"allow":["GET"]}}],"collection":[{"href":"https:\/\/snite.es\/fr\/wp-json\/wp\/v2\/pages"}],"about":[{"href":"https:\/\/snite.es\/fr\/wp-json\/wp\/v2\/types\/page"}],"author":[{"embeddable":true,"href":"https:\/\/snite.es\/fr\/wp-json\/wp\/v2\/users\/1"}],"replies":[{"embeddable":true,"href":"https:\/\/snite.es\/fr\/wp-json\/wp\/v2\/comments?post=466"}],"version-history":[{"count":1,"href":"https:\/\/snite.es\/fr\/wp-json\/wp\/v2\/pages\/466\/revisions"}],"predecessor-version":[{"id":992,"href":"https:\/\/snite.es\/fr\/wp-json\/wp\/v2\/pages\/466\/revisions\/992"}],"wp:attachment":[{"href":"https:\/\/snite.es\/fr\/wp-json\/wp\/v2\/media?parent=466"}],"curies":[{"name":"wp","href":"https:\/\/api.w.org\/{rel}","templated":true}]}}